{"id":26,"date":"2024-08-19T14:50:00","date_gmt":"2024-08-19T14:50:00","guid":{"rendered":"https:\/\/www.beahdezpsicologa.com\/?page_id=26"},"modified":"2024-08-20T16:01:31","modified_gmt":"2024-08-20T14:01:31","slug":"declaracion-de-accesibilidad","status":"publish","type":"page","link":"https:\/\/www.beahdezpsicologa.com\/en\/declaracion-de-accesibilidad\/","title":{"rendered":"Accessibility statement"},"content":{"rendered":"\t\t<div data-elementor-type=\"wp-page\" data-elementor-id=\"26\" class=\"elementor elementor-26\" data-elementor-post-type=\"page\">\n\t\t\t\t<div class=\"elementor-element elementor-element-79a8b2b e-con-full e-flex e-con e-parent\" data-id=\"79a8b2b\" data-element_type=\"container\" data-e-type=\"container\" data-settings=\"{&quot;background_background&quot;:&quot;classic&quot;}\">\n\t\t<div class=\"elementor-element elementor-element-df76310 e-con-full e-flex e-con e-child\" data-id=\"df76310\" data-element_type=\"container\" data-e-type=\"container\">\n\t\t\t\t<div class=\"elementor-element elementor-element-67bb158 elementor-widget elementor-widget-heading\" data-id=\"67bb158\" data-element_type=\"widget\" data-e-type=\"widget\" data-widget_type=\"heading.default\">\n\t\t\t\t<div class=\"elementor-widget-container\">\n\t\t\t\t\t<h1 class=\"elementor-heading-title elementor-size-default\">Declaraci\u00f3n de Accesibilidad<\/h1>\t\t\t\t<\/div>\n\t\t\t\t<\/div>\n\t\t\t\t<\/div>\n\t\t\t\t<\/div>\n\t\t<div class=\"elementor-element elementor-element-fd3b0d0 e-flex e-con-boxed e-con e-parent\" data-id=\"fd3b0d0\" data-element_type=\"container\" data-e-type=\"container\">\n\t\t\t\t\t<div class=\"e-con-inner\">\n\t\t\t\t<div class=\"elementor-element elementor-element-6bba931 elementor-widget elementor-widget-text-editor\" data-id=\"6bba931\" data-element_type=\"widget\" data-e-type=\"widget\" data-widget_type=\"text-editor.default\">\n\t\t\t\t<div class=\"elementor-widget-container\">\n\t\t\t\t\t\t\t\t\t<p><span style=\"font-weight: 400;\">[Bea Hern\u00e1ndez Psic\u00f3loga]<\/span><span style=\"font-weight: 400;\"> se ha comprometido a hacer accesibles sus sitios web de conformidad con la directiva Europea se basa en la norma EN 301 549 \u201cRequisitos de accesibilidad de productos y servicios TIC\u201d y est\u00e1, a su vez, es una adaptaci\u00f3n de las Pautas de Accesibilidad para el Contenido Web (WCAG 2.1) del W3C.<\/span><\/p><p><span style=\"font-weight: 400;\">La presente declaraci\u00f3n de accesibilidad se aplica a los siguientes sitios web:<\/span><\/p><p><span style=\"font-weight: 400;\">www.xxxx<\/span><\/p><p>\u00a0<\/p><p><strong>SITUACI\u00d3N DE CUMPLIMIENTO<\/strong><\/p><p><span style=\"font-weight: 400;\">Este sitio web es parcialmente conforme con [RD 1112\/2018 o UNE-EN 301 549] debido a las excepciones que se indican a continuaci\u00f3n<\/span><\/p><p>\u00a0<\/p><p><strong>CONTENIDO NO ACCESIBLE<\/strong><\/p><p><span style=\"font-weight: 400;\">El contenido que se recoge a continuaci\u00f3n no es accesible por lo siguiente:<\/span><\/p><ul><li style=\"font-weight: 400;\" aria-level=\"1\"><span style=\"font-weight: 400;\">Falta de conformidad con el RD 1112\/2018 de 7 de Septiembre. En algunas de las p\u00e1ginas podr\u00edan existir los siguientes criterios no cumplidos relacionados con la norma EN 301 549 \u201cRequisitos de accesibilidad de productos y servicios TIC\u201d y esta, a su vez, es una adaptaci\u00f3n de las Pautas de Accesibilidad para el Contenido Web (WCAG 2.1) (criterios especificados entre par\u00e9ntesis)<\/span><ul><li style=\"font-weight: 400;\" aria-level=\"2\"><span style=\"font-weight: 400;\">No aplica<\/span><\/li><\/ul><\/li><li style=\"font-weight: 400;\" aria-level=\"1\"><span style=\"font-weight: 400;\">Carga desproporcionada.\u00a0<\/span><ul><li style=\"font-weight: 400;\" aria-level=\"2\"><span style=\"font-weight: 400;\">No aplica<\/span><\/li><\/ul><\/li><li style=\"font-weight: 400;\" aria-level=\"1\"><span style=\"font-weight: 400;\">El contenido no entra dentro del \u00e1mbito de la legislaci\u00f3n aplicable:<\/span><ul><li style=\"font-weight: 400;\" aria-level=\"2\"><span style=\"font-weight: 400;\">Formatos de archivo de ofim\u00e1tica publicados antes de la entrada en vigor de este real decreto, 20 de septiembre de 2018, siempre y cuando no sean necesarios para tareas administrativas activas, como por ejemplo un manual de ayuda o formulario para iniciar un procedimiento.<\/span><\/li><li style=\"font-weight: 400;\" aria-level=\"2\"><span style=\"font-weight: 400;\">Contenido multimedia de base temporal pregrabado publicado antes de la entrada en vigor de este real decreto.<\/span><\/li><li style=\"font-weight: 400;\" aria-level=\"2\"><span style=\"font-weight: 400;\">Servicios de mapas y cartograf\u00eda en l\u00ednea, siempre y cuando la informaci\u00f3n esencial se proporcione de manera accesible digitalmente en el caso de mapas destinados a fines de navegaci\u00f3n.<\/span><\/li><li style=\"font-weight: 400;\" aria-level=\"2\"><span style=\"font-weight: 400;\">Contenidos de terceros que no est\u00e9n bajo el control de <\/span><span style=\"font-weight: 400;\">[Bea Hern\u00e1ndez Psic\u00f3loga]<\/span><span style=\"font-weight: 400;\">.<\/span><\/li><\/ul><\/li><\/ul><p>\u00a0<\/p><p><strong>PREPARACI\u00d3N DE LA PRESENTE DECLARACI\u00d3N DE ACCESIBILIDAD<\/strong><\/p><p><span style=\"font-weight: 400;\">La presente declaraci\u00f3n fue preparada el <\/span><span style=\"font-weight: 400;\">[Agostro &#8211; 2024]<\/span><span style=\"font-weight: 400;\">.<\/span><\/p><p><span style=\"font-weight: 400;\">El m\u00e9todo empleado para preparar la declaraci\u00f3n ha sido una autoevaluaci\u00f3n llevada a cabo por la propia empresa proveedora de servicios web.<\/span><\/p><p><span style=\"font-weight: 400;\">\u00daltima revisi\u00f3n de la declaraci\u00f3n: <\/span><span style=\"font-weight: 400;\">[Agosto &#8211; 2024]<\/span><span style=\"font-weight: 400;\">.<\/span><\/p><p><strong>OBSERVACIONES Y DATOS DE CONTACTO<\/strong><\/p><p><span style=\"font-weight: 400;\">Puede realizar comunicaciones sobre requisitos de accesibilidad (art\u00edculo 10.2.a) del Real Decreto 1112\/2018, de 7 de septiembre) como, por ejemplo:<\/span><\/p><ul><li style=\"font-weight: 400;\" aria-level=\"1\"><span style=\"font-weight: 400;\">Informar sobre cualquier posible incumplimiento por parte de este sitio web.<\/span><\/li><li style=\"font-weight: 400;\" aria-level=\"1\"><span style=\"font-weight: 400;\">Transmitir otras dificultades de acceso al contenido.<\/span><\/li><li style=\"font-weight: 400;\" aria-level=\"1\"><span style=\"font-weight: 400;\">Formular cualquier otra consulta o sugerencia de mejora relativa a la accesibilidad del sitio web.<\/span><\/li><li style=\"font-weight: 400;\" aria-level=\"1\"><span style=\"font-weight: 400;\">Informar sobre cualquier posible incumplimiento por parte de este sitio web.<\/span><\/li><li style=\"font-weight: 400;\" aria-level=\"1\"><span style=\"font-weight: 400;\">Transmitir otras dificultades de acceso al contenido.<\/span><\/li><li style=\"font-weight: 400;\" aria-level=\"1\"><span style=\"font-weight: 400;\">Formular cualquier otra consulta o sugerencia de mejora relativa a la accesibilidad del sitio web.<\/span><\/li><\/ul><p><span style=\"font-weight: 400;\">A trav\u00e9s de las siguientes v\u00edas:<\/span><\/p><ul><li style=\"font-weight: 400;\" aria-level=\"1\"><span style=\"font-weight: 400;\">Correo electr\u00f3nico: <\/span><a href=\"mailto:beahdezpsicologa@gmail.com\"><span style=\"font-weight: 400;\" data-rich-links=\"{&quot;per_n&quot;:&quot;beahdezpsicologa@gmail.com&quot;,&quot;per_e&quot;:&quot;beahdezpsicologa@gmail.com&quot;,&quot;type&quot;:&quot;person&quot;}\">beahdezpsicologa@gmail.com<\/span><\/a><\/li><\/ul><p><span style=\"font-weight: 400;\">Las comunicaciones ser\u00e1n recibidas y tratadas por <\/span><span style=\"font-weight: 400;\">[Bea Hern\u00e1ndez Psic\u00f3loga]<\/span><\/p><p>\u00a0<\/p><p><strong>PROCEDIMIENTO DE APLICACI\u00d3N<\/strong><\/p><p><span style=\"font-weight: 400;\">El procedimiento de reclamaci\u00f3n recogido en el art\u00edculo 13 del RD 1112\/2018 puede iniciarse a trav\u00e9s del email <\/span><a href=\"mailto:beahdezpsicologa@gmail.com\"><span style=\"font-weight: 400;\" data-rich-links=\"{&quot;per_n&quot;:&quot;beahdezpsicologa@gmail.com&quot;,&quot;per_e&quot;:&quot;beahdezpsicologa@gmail.com&quot;,&quot;type&quot;:&quot;person&quot;}\">beahdezpsicologa@gmail.com<\/span><\/a><\/p><p>\u00a0<\/p><p><strong>CONTENIDO OPCIONAL<\/strong><\/p><p><span style=\"font-weight: 400;\">Compromiso de la empresa:<\/span><\/p><ul><li style=\"font-weight: 400;\" aria-level=\"1\"><span style=\"font-weight: 400;\">Se establece como objetivo alcanzar el cumplimiento de todos los requisitos de nivel A y AA de la WCAG 2.1 junto a ciertos requisitos de nivel AAA considerados relevantes para la mejora de la experiencia de uso de la web por parte del usuario.<\/span><\/li><\/ul>\t\t\t\t\t\t\t\t<\/div>\n\t\t\t\t<\/div>\n\t\t\t\t\t<\/div>\n\t\t\t\t<\/div>\n\t\t\t\t<\/div>\n\t\t","protected":false},"excerpt":{"rendered":"<p>Declaraci\u00f3n de Accesibilidad [Bea Hern\u00e1ndez Psic\u00f3loga] se ha comprometido a hacer accesibles sus sitios web de conformidad con la directiva Europea se basa en la norma EN 301 549 \u201cRequisitos de accesibilidad de productos y servicios TIC\u201d y est\u00e1, a su vez, es una adaptaci\u00f3n de las Pautas de Accesibilidad para el Contenido Web (WCAG [&hellip;]<\/p>\n","protected":false},"author":1,"featured_media":0,"parent":0,"menu_order":0,"comment_status":"closed","ping_status":"closed","template":"","meta":{"footnotes":""},"class_list":["post-26","page","type-page","status-publish","hentry"],"yoast_head":"<!-- This site is optimized with the Yoast SEO plugin v27.4 - https:\/\/yoast.com\/product\/yoast-seo-wordpress\/ -->\n<title>Declaraci\u00f3n de accesibilidad - Beatriz Hernandez<\/title>\n<meta name=\"robots\" content=\"index, follow, max-snippet:-1, max-image-preview:large, max-video-preview:-1\" \/>\n<link rel=\"canonical\" href=\"https:\/\/www.beahdezpsicologa.com\/en\/declaracion-de-accesibilidad\/\" \/>\n<meta property=\"og:locale\" content=\"en_GB\" \/>\n<meta property=\"og:type\" content=\"article\" \/>\n<meta property=\"og:title\" content=\"Declaraci\u00f3n de accesibilidad - Beatriz Hernandez\" \/>\n<meta property=\"og:description\" content=\"Declaraci\u00f3n de Accesibilidad [Bea Hern\u00e1ndez Psic\u00f3loga] se ha comprometido a hacer accesibles sus sitios web de conformidad con la directiva Europea se basa en la norma EN 301 549 \u201cRequisitos de accesibilidad de productos y servicios TIC\u201d y est\u00e1, a su vez, es una adaptaci\u00f3n de las Pautas de Accesibilidad para el Contenido Web (WCAG [&hellip;]\" \/>\n<meta property=\"og:url\" content=\"https:\/\/www.beahdezpsicologa.com\/en\/declaracion-de-accesibilidad\/\" \/>\n<meta property=\"og:site_name\" content=\"Beatriz Hernandez\" \/>\n<meta property=\"article:modified_time\" content=\"2024-08-20T14:01:31+00:00\" \/>\n<meta name=\"twitter:card\" content=\"summary_large_image\" \/>\n<meta name=\"twitter:label1\" content=\"Estimated reading time\" \/>\n\t<meta name=\"twitter:data1\" content=\"3 minutes\" \/>\n<script type=\"application\/ld+json\" class=\"yoast-schema-graph\">{\"@context\":\"https:\\\/\\\/schema.org\",\"@graph\":[{\"@type\":\"WebPage\",\"@id\":\"https:\\\/\\\/www.beahdezpsicologa.com\\\/declaracion-de-accesibilidad\\\/\",\"url\":\"https:\\\/\\\/www.beahdezpsicologa.com\\\/declaracion-de-accesibilidad\\\/\",\"name\":\"Declaraci\u00f3n de accesibilidad - Beatriz Hernandez\",\"isPartOf\":{\"@id\":\"https:\\\/\\\/www.beahdezpsicologa.com\\\/#website\"},\"datePublished\":\"2024-08-19T14:50:00+00:00\",\"dateModified\":\"2024-08-20T14:01:31+00:00\",\"breadcrumb\":{\"@id\":\"https:\\\/\\\/www.beahdezpsicologa.com\\\/declaracion-de-accesibilidad\\\/#breadcrumb\"},\"inLanguage\":\"en-GB\",\"potentialAction\":[{\"@type\":\"ReadAction\",\"target\":[\"https:\\\/\\\/www.beahdezpsicologa.com\\\/declaracion-de-accesibilidad\\\/\"]}]},{\"@type\":\"BreadcrumbList\",\"@id\":\"https:\\\/\\\/www.beahdezpsicologa.com\\\/declaracion-de-accesibilidad\\\/#breadcrumb\",\"itemListElement\":[{\"@type\":\"ListItem\",\"position\":1,\"name\":\"Portada\",\"item\":\"https:\\\/\\\/www.beahdezpsicologa.com\\\/\"},{\"@type\":\"ListItem\",\"position\":2,\"name\":\"Declaraci\u00f3n de accesibilidad\"}]},{\"@type\":\"WebSite\",\"@id\":\"https:\\\/\\\/www.beahdezpsicologa.com\\\/#website\",\"url\":\"https:\\\/\\\/www.beahdezpsicologa.com\\\/\",\"name\":\"Beatriz Hernandez\",\"description\":\"Te ayudo a liberarte de la ansiedad\",\"publisher\":{\"@id\":\"https:\\\/\\\/www.beahdezpsicologa.com\\\/#organization\"},\"potentialAction\":[{\"@type\":\"SearchAction\",\"target\":{\"@type\":\"EntryPoint\",\"urlTemplate\":\"https:\\\/\\\/www.beahdezpsicologa.com\\\/?s={search_term_string}\"},\"query-input\":{\"@type\":\"PropertyValueSpecification\",\"valueRequired\":true,\"valueName\":\"search_term_string\"}}],\"inLanguage\":\"en-GB\"},{\"@type\":\"Organization\",\"@id\":\"https:\\\/\\\/www.beahdezpsicologa.com\\\/#organization\",\"name\":\"Beatriz Hernandez\",\"url\":\"https:\\\/\\\/www.beahdezpsicologa.com\\\/\",\"logo\":{\"@type\":\"ImageObject\",\"inLanguage\":\"en-GB\",\"@id\":\"https:\\\/\\\/www.beahdezpsicologa.com\\\/#\\\/schema\\\/logo\\\/image\\\/\",\"url\":\"https:\\\/\\\/www.beahdezpsicologa.com\\\/wp-content\\\/uploads\\\/2024\\\/08\\\/beatriz-hernandez-logo.svg\",\"contentUrl\":\"https:\\\/\\\/www.beahdezpsicologa.com\\\/wp-content\\\/uploads\\\/2024\\\/08\\\/beatriz-hernandez-logo.svg\",\"width\":285,\"height\":204,\"caption\":\"Beatriz Hernandez\"},\"image\":{\"@id\":\"https:\\\/\\\/www.beahdezpsicologa.com\\\/#\\\/schema\\\/logo\\\/image\\\/\"}}]}<\/script>\n<!-- \/ Yoast SEO plugin. -->","yoast_head_json":{"title":"Declaraci\u00f3n de accesibilidad - Beatriz Hernandez","robots":{"index":"index","follow":"follow","max-snippet":"max-snippet:-1","max-image-preview":"max-image-preview:large","max-video-preview":"max-video-preview:-1"},"canonical":"https:\/\/www.beahdezpsicologa.com\/en\/declaracion-de-accesibilidad\/","og_locale":"en_GB","og_type":"article","og_title":"Declaraci\u00f3n de accesibilidad - Beatriz Hernandez","og_description":"Declaraci\u00f3n de Accesibilidad [Bea Hern\u00e1ndez Psic\u00f3loga] se ha comprometido a hacer accesibles sus sitios web de conformidad con la directiva Europea se basa en la norma EN 301 549 \u201cRequisitos de accesibilidad de productos y servicios TIC\u201d y est\u00e1, a su vez, es una adaptaci\u00f3n de las Pautas de Accesibilidad para el Contenido Web (WCAG [&hellip;]","og_url":"https:\/\/www.beahdezpsicologa.com\/en\/declaracion-de-accesibilidad\/","og_site_name":"Beatriz Hernandez","article_modified_time":"2024-08-20T14:01:31+00:00","twitter_card":"summary_large_image","twitter_misc":{"Estimated reading time":"3 minutes"},"schema":{"@context":"https:\/\/schema.org","@graph":[{"@type":"WebPage","@id":"https:\/\/www.beahdezpsicologa.com\/declaracion-de-accesibilidad\/","url":"https:\/\/www.beahdezpsicologa.com\/declaracion-de-accesibilidad\/","name":"Declaraci\u00f3n de accesibilidad - Beatriz Hernandez","isPartOf":{"@id":"https:\/\/www.beahdezpsicologa.com\/#website"},"datePublished":"2024-08-19T14:50:00+00:00","dateModified":"2024-08-20T14:01:31+00:00","breadcrumb":{"@id":"https:\/\/www.beahdezpsicologa.com\/declaracion-de-accesibilidad\/#breadcrumb"},"inLanguage":"en-GB","potentialAction":[{"@type":"ReadAction","target":["https:\/\/www.beahdezpsicologa.com\/declaracion-de-accesibilidad\/"]}]},{"@type":"BreadcrumbList","@id":"https:\/\/www.beahdezpsicologa.com\/declaracion-de-accesibilidad\/#breadcrumb","itemListElement":[{"@type":"ListItem","position":1,"name":"Portada","item":"https:\/\/www.beahdezpsicologa.com\/"},{"@type":"ListItem","position":2,"name":"Declaraci\u00f3n de accesibilidad"}]},{"@type":"WebSite","@id":"https:\/\/www.beahdezpsicologa.com\/#website","url":"https:\/\/www.beahdezpsicologa.com\/","name":"Beatriz Hernandez","description":"Te ayudo a liberarte de la ansiedad","publisher":{"@id":"https:\/\/www.beahdezpsicologa.com\/#organization"},"potentialAction":[{"@type":"SearchAction","target":{"@type":"EntryPoint","urlTemplate":"https:\/\/www.beahdezpsicologa.com\/?s={search_term_string}"},"query-input":{"@type":"PropertyValueSpecification","valueRequired":true,"valueName":"search_term_string"}}],"inLanguage":"en-GB"},{"@type":"Organization","@id":"https:\/\/www.beahdezpsicologa.com\/#organization","name":"Beatriz Hernandez","url":"https:\/\/www.beahdezpsicologa.com\/","logo":{"@type":"ImageObject","inLanguage":"en-GB","@id":"https:\/\/www.beahdezpsicologa.com\/#\/schema\/logo\/image\/","url":"https:\/\/www.beahdezpsicologa.com\/wp-content\/uploads\/2024\/08\/beatriz-hernandez-logo.svg","contentUrl":"https:\/\/www.beahdezpsicologa.com\/wp-content\/uploads\/2024\/08\/beatriz-hernandez-logo.svg","width":285,"height":204,"caption":"Beatriz Hernandez"},"image":{"@id":"https:\/\/www.beahdezpsicologa.com\/#\/schema\/logo\/image\/"}}]}},"_links":{"self":[{"href":"https:\/\/www.beahdezpsicologa.com\/en\/wp-json\/wp\/v2\/pages\/26","targetHints":{"allow":["GET"]}}],"collection":[{"href":"https:\/\/www.beahdezpsicologa.com\/en\/wp-json\/wp\/v2\/pages"}],"about":[{"href":"https:\/\/www.beahdezpsicologa.com\/en\/wp-json\/wp\/v2\/types\/page"}],"author":[{"embeddable":true,"href":"https:\/\/www.beahdezpsicologa.com\/en\/wp-json\/wp\/v2\/users\/1"}],"replies":[{"embeddable":true,"href":"https:\/\/www.beahdezpsicologa.com\/en\/wp-json\/wp\/v2\/comments?post=26"}],"version-history":[{"count":19,"href":"https:\/\/www.beahdezpsicologa.com\/en\/wp-json\/wp\/v2\/pages\/26\/revisions"}],"predecessor-version":[{"id":588,"href":"https:\/\/www.beahdezpsicologa.com\/en\/wp-json\/wp\/v2\/pages\/26\/revisions\/588"}],"wp:attachment":[{"href":"https:\/\/www.beahdezpsicologa.com\/en\/wp-json\/wp\/v2\/media?parent=26"}],"curies":[{"name":"wp","href":"https:\/\/api.w.org\/{rel}","templated":true}]}}