{"id":24,"date":"2024-08-19T14:49:47","date_gmt":"2024-08-19T14:49:47","guid":{"rendered":"https:\/\/www.beahdezpsicologa.com\/?page_id=24"},"modified":"2024-08-20T16:01:23","modified_gmt":"2024-08-20T14:01:23","slug":"politica-de-cookies","status":"publish","type":"page","link":"https:\/\/www.beahdezpsicologa.com\/en\/politica-de-cookies\/","title":{"rendered":"Cookie policy"},"content":{"rendered":"\t\t<div data-elementor-type=\"wp-page\" data-elementor-id=\"24\" class=\"elementor elementor-24\" data-elementor-post-type=\"page\">\n\t\t\t\t<div class=\"elementor-element elementor-element-e4e1074 e-con-full e-flex e-con e-parent\" data-id=\"e4e1074\" data-element_type=\"container\" data-e-type=\"container\" data-settings=\"{&quot;background_background&quot;:&quot;classic&quot;}\">\n\t\t<div class=\"elementor-element elementor-element-b9477c8 e-con-full e-flex e-con e-child\" data-id=\"b9477c8\" data-element_type=\"container\" data-e-type=\"container\">\n\t\t\t\t<div class=\"elementor-element elementor-element-a0cb4ff elementor-widget elementor-widget-heading\" data-id=\"a0cb4ff\" data-element_type=\"widget\" data-e-type=\"widget\" data-widget_type=\"heading.default\">\n\t\t\t\t<div class=\"elementor-widget-container\">\n\t\t\t\t\t<h1 class=\"elementor-heading-title elementor-size-default\">Pol\u00edtica de Cookies\n<\/h1>\t\t\t\t<\/div>\n\t\t\t\t<\/div>\n\t\t\t\t<\/div>\n\t\t\t\t<\/div>\n\t\t<div class=\"elementor-element elementor-element-9e7471f e-flex e-con-boxed e-con e-parent\" data-id=\"9e7471f\" data-element_type=\"container\" data-e-type=\"container\">\n\t\t\t\t\t<div class=\"e-con-inner\">\n\t\t\t\t<div class=\"elementor-element elementor-element-e741c44 elementor-widget elementor-widget-text-editor\" data-id=\"e741c44\" data-element_type=\"widget\" data-e-type=\"widget\" data-widget_type=\"text-editor.default\">\n\t\t\t\t<div class=\"elementor-widget-container\">\n\t\t\t\t\t\t\t\t\t<p><strong>1-. \u00bfQU\u00c9 SON LAS COOKIES?<\/strong><\/p><p><span style=\"font-weight: 400;\">Las cookies y otras tecnolog\u00edas similares tales como local shared objects, flash cookies o p\u00edxeles, son herramientas empleadas por los servidores web para almacenar y recuperar informaci\u00f3n acerca de sus visitantes, as\u00ed como para ofrecer un correcto funcionamiento del sitio.<\/span><\/p><p><span style=\"font-weight: 400;\">La utilizaci\u00f3n de cookies est\u00e1 ampliamente extendida ya que redunda en un funcionamiento m\u00e1s eficaz de las p\u00e1ginas web y, por tanto, del servicio o servicios que las mismas prestan.<\/span><\/p><p><span style=\"font-weight: 400;\">Esos archivos de texto, las cookies, principalmente recogen datos de uso y navegaci\u00f3n que luego pueden recuperarse y utilizarse por el responsable de esa cookie para diversas finalidades: por ejemplo, y sin \u00e1nimo exhaustivo, observaci\u00f3n del comportamiento del usuario, personalizaci\u00f3n de caracter\u00edsticas determinadas de la navegaci\u00f3n, determinar caracter\u00edsticas del navegador del usuario o de los dispositivos utilizados por este, creaci\u00f3n de audiencias personalizadas, as\u00ed como otras finalidades.<\/span><\/p><p><span style=\"font-weight: 400;\">En ning\u00fan caso esta web se sirve de cookies que puedan recopilar informaci\u00f3n sensible sobre nuestros usuarios. Igualmente, nunca conoceremos tu identidad exclusivamente a partir de las cookies utilizadas por nuestra web.<\/span><\/p><p>\u00a0<\/p><p><strong>2-. CLASIFICACI\u00d3N DE LAS COOKIES<\/strong><\/p><p><span style=\"font-weight: 400;\">Existen diversos tipos de cookies:<\/span><\/p><p><span style=\"font-weight: 400;\">En funci\u00f3n de la titularidad:<\/span><\/p><p><span style=\"font-weight: 400;\">Cookies propias: las generadas por un equipo o dominio gestionado por el propio editor web.<\/span><\/p><p><span style=\"font-weight: 400;\">Cookies de terceros: las generadas y enviadas al terminal del usuario por un servicio de terceros que el editor est\u00e9 utilizando en su web.<\/span><\/p><p><span style=\"font-weight: 400;\">En este sentido, esta web utiliza cookies tanto propias como de terceros.<\/span><\/p><p><span style=\"font-weight: 400;\">Por su duraci\u00f3n o tiempo durante el que permanecen activadas:<\/span><\/p><p><span style=\"font-weight: 400;\">Cookies de sesi\u00f3n: Recaban y almacenan datos mientras el usuario accede a una p\u00e1gina web. Se suelen emplear para almacenar informaci\u00f3n que solo interesa conservar para la prestaci\u00f3n del servicio solicitado por el usuario en una sola ocasi\u00f3n.<\/span><\/p><p><span style=\"font-weight: 400;\">Cookies persistentes: Son un tipo de cookies en el que los datos siguen almacenados en el terminal y pueden ser accedidos y tratados durante un periodo definido por el responsable de la cookie, y que puede ir de unos minutos a varios a\u00f1os.<\/span><\/p><p><span style=\"font-weight: 400;\">En este sentido, utilizo cookies tanto de sesi\u00f3n como persistentes.<\/span><\/p><p><span style=\"font-weight: 400;\">Por su finalidad<\/span><\/p><p><span style=\"font-weight: 400;\">Cookies t\u00e9cnicas o estrictamente necesarias: Son aqu\u00e9llas que permiten al usuario la navegaci\u00f3n a trav\u00e9s de una p\u00e1gina web, plataforma o aplicaci\u00f3n y la utilizaci\u00f3n de las diferentes opciones o servicios que en ella existan.<\/span><\/p><p><span style=\"font-weight: 400;\">Cookies de personalizaci\u00f3n: Son aqu\u00e9llas que permiten al usuario acceder al servicio con algunas caracter\u00edsticas de car\u00e1cter general predefinidas en funci\u00f3n de una serie de criterios en el terminal del usuario como por ejemplo serian el idioma, el tipo de navegador a trav\u00e9s del cual accede al servicio, la configuraci\u00f3n regional, etc.<\/span><\/p><p><span style=\"font-weight: 400;\">Cookies de an\u00e1lisis o anal\u00edticas: Son aqu\u00e9llas que permiten al responsable de las mismas, el seguimiento y an\u00e1lisis del comportamiento de los usuarios de los sitios web a los que est\u00e1n vinculadas. La informaci\u00f3n recogida mediante este tipo de cookies se utiliza en la medici\u00f3n de la actividad de los sitios web, aplicaci\u00f3n o plataforma y para la elaboraci\u00f3n de perfiles de navegaci\u00f3n de los usuarios de dichos sitios, aplicaciones y plataformas, con el fin de introducir mejoras en funci\u00f3n del an\u00e1lisis de los datos de uso que hacen los usuarios del servicio.<\/span><\/p><p><span style=\"font-weight: 400;\">Cookies publicitarias: Son aqu\u00e9llas que permiten la gesti\u00f3n, de la forma m\u00e1s eficaz posible, de los espacios publicitarios que, en su caso, el editor haya incluido en una p\u00e1gina web, aplicaci\u00f3n o plataforma desde la que presta el servicio solicitado en base a criterios como el contenido editado o la frecuencia en la que se muestran los anuncios.<\/span><\/p><p><span style=\"font-weight: 400;\">Cookies sociales: Son necesarias para el funcionamiento de los widgets que permiten interactuar a la p\u00e1gina web con las redes sociales (Facebook, Twitter, LinkedIn, etc).<\/span><\/p><p><span style=\"font-weight: 400;\">Cookies de publicidad comportamental: Son aqu\u00e9llas que permiten la gesti\u00f3n, de la forma m\u00e1s eficaz posible, de los espacios publicitarios que, en su caso, el editor haya incluido en una p\u00e1gina web, aplicaci\u00f3n o plataforma desde la que presta el servicio solicitado. Estas cookies almacenan informaci\u00f3n del comportamiento de los usuarios obtenida a trav\u00e9s de la observaci\u00f3n continuada de sus h\u00e1bitos de navegaci\u00f3n, lo que permite desarrollar un perfil espec\u00edfico para mostrar publicidad en funci\u00f3n del mismo<\/span><\/p><p><span style=\"font-weight: 400;\">En este sentido,<\/span><span style=\"font-weight: 400;\">[Bea Hern\u00e1ndez Psic\u00f3loga]<\/span><span style=\"font-weight: 400;\"> utiliza cookies estrictamente necesarias o funcionales y cookies anal\u00edticas.<\/span><\/p><p>\u00a0<\/p><p><strong>3-. \u00bfQU\u00c9 COOKIES UTILIZA ESTA WEB?<\/strong><\/p><p><span style=\"font-weight: 400;\">En el siguiente cuadro te ofrezco informaci\u00f3n sobre las cookies utilizadas por esta p\u00e1gina web:<\/span><\/p><p><br \/><br \/><\/p><table><tbody><tr><td><p><span style=\"font-weight: 400;\">Nombre<\/span><\/p><\/td><td><p><span style=\"font-weight: 400;\">Titular<\/span><\/p><\/td><td><p><span style=\"font-weight: 400;\">Duraci\u00f3n<\/span><\/p><\/td><td><p><span style=\"font-weight: 400;\">Finalidad<\/span><\/p><\/td><\/tr><tr><td><p><span style=\"font-weight: 400;\">1P_JAR\u00a0\u00a0<\/span><\/p><\/td><td><p><span style=\"font-weight: 400;\">Google<\/span><\/p><\/td><td><p><span style=\"font-weight: 400;\">Persistente. Hasta 1 mes<\/span><\/p><\/td><td><p><span style=\"font-weight: 400;\">Cookie por Google para anal\u00edtica de datos.<\/span><\/p><\/td><\/tr><tr><td><p><span style=\"font-weight: 400;\">CONSENT<\/span><\/p><\/td><td><p><span style=\"font-weight: 400;\">Google<\/span><\/p><\/td><td><p><span style=\"font-weight: 400;\">Persistente<\/span><\/p><\/td><td><p><span style=\"font-weight: 400;\">Utilizada para el consentimiento a los servicios de Google<\/span><\/p><\/td><\/tr><tr><td><p><span style=\"font-weight: 400;\">PHPSESSID<\/span><\/p><\/td><td><p><span style=\"font-weight: 400;\">Propia<\/span><\/p><\/td><td><p><span style=\"font-weight: 400;\">Sesi\u00f3n<\/span><\/p><\/td><td><p><span style=\"font-weight: 400;\">Cookie est\u00e1ndar del lenguaje de programaci\u00f3n PHP que se utiliza en algunas p\u00e1ginas de nuestro sitio para gestionar el mantenimiento de la sesi\u00f3n<\/span><\/p><\/td><\/tr><tr><td><p><span style=\"font-weight: 400;\">__ga<\/span><\/p><\/td><td><p><span style=\"font-weight: 400;\">Google<\/span><\/p><\/td><td><p><span style=\"font-weight: 400;\">Persistente. Hasta 2 a\u00f1os\u00a0\u00a0<\/span><\/p><\/td><td><p><span style=\"font-weight: 400;\">Cookies de terceros, utilizadas por el servicio de Google Analytics, de Google, para distinguir a los usuarios y para limitar el porcentaje de solicitudes<\/span><\/p><\/td><\/tr><\/tbody><\/table><p><br \/><br \/><\/p><p><span style=\"font-weight: 400;\">M\u00e1s informaci\u00f3n sobre privacidad y cookies de los terceros que utilizan cookies en esta p\u00e1gina web:<\/span><\/p><p><span style=\"font-weight: 400;\">-Utilizaci\u00f3n de cookies por Google<\/span><\/p><p><span style=\"font-weight: 400;\">\u2013Google Analytics<\/span><\/p><p>\u00a0<\/p><p><strong>4-. GESTI\u00d3N, CONFIGURACI\u00d3N Y ELIMINACI\u00d3N DE COOKIES<\/strong><\/p><p><span style=\"font-weight: 400;\">En el momento de acceder a esta p\u00e1gina web podr\u00e1s visualizar un aviso de cookies. Dicho aviso contiene un hiperenlace o link a un panel para configurar o administrar las preferencias relativas a las cookies, permiti\u00e9ndote activarlas o rechazarlas en funci\u00f3n de su tipolog\u00eda.<\/span><\/p><p><span style=\"font-weight: 400;\">Igualmente, puedes revisar la configuraci\u00f3n de tu navegador para que te notifique antes de descargar cookies a tu terminal o dispositivo. En todo caso, tambi\u00e9n podr\u00e1s proceder a la eliminaci\u00f3n de las cookies ya instaladas.<\/span><\/p><p><span style=\"font-weight: 400;\">Te ofrezco un breve acceso a las instrucciones para la gesti\u00f3n de cookies en los navegadores m\u00e1s utilizados:<\/span><\/p><p><span style=\"font-weight: 400;\">C\u00f3mo borrar, habilitar, y administrar cookies en Google Chrome\u00a0<\/span><\/p><p><span style=\"font-weight: 400;\">Habilitar y deshabilitar cookies que los sitios web utilizan para rastrear tus preferencias \u2013 Mozilla Firefox\u00a0<\/span><\/p><p><span style=\"font-weight: 400;\">Bloquear o permitir cookies en Internet Explorer\u00a0<\/span><\/p><p><span style=\"font-weight: 400;\">Gestionar cookies y datos de sitios web en Safari (Apple)\u00a0<\/span><\/p><p><span style=\"font-weight: 400;\">Puedes enviarme cualquier cuesti\u00f3n que te suscite la utilizaci\u00f3n de cookies en esta web mediante un correo electr\u00f3nico dirigido a la direcci\u00f3n del Responsable del tratamiento que encontrar\u00e1s en el apartado 1 de mi Pol\u00edtica de Privacidad<\/span><\/p>\t\t\t\t\t\t\t\t<\/div>\n\t\t\t\t<\/div>\n\t\t\t\t\t<\/div>\n\t\t\t\t<\/div>\n\t\t\t\t<\/div>\n\t\t","protected":false},"excerpt":{"rendered":"<p>Pol\u00edtica de Cookies 1-. \u00bfQU\u00c9 SON LAS COOKIES? Las cookies y otras tecnolog\u00edas similares tales como local shared objects, flash cookies o p\u00edxeles, son herramientas empleadas por los servidores web para almacenar y recuperar informaci\u00f3n acerca de sus visitantes, as\u00ed como para ofrecer un correcto funcionamiento del sitio. La utilizaci\u00f3n de cookies est\u00e1 ampliamente extendida [&hellip;]<\/p>\n","protected":false},"author":1,"featured_media":0,"parent":0,"menu_order":0,"comment_status":"closed","ping_status":"closed","template":"","meta":{"footnotes":""},"class_list":["post-24","page","type-page","status-publish","hentry"],"yoast_head":"<!-- This site is optimized with the Yoast SEO plugin v27.4 - https:\/\/yoast.com\/product\/yoast-seo-wordpress\/ -->\n<title>Pol\u00edtica de cookies - Beatriz Hernandez<\/title>\n<meta name=\"robots\" content=\"index, follow, max-snippet:-1, max-image-preview:large, max-video-preview:-1\" \/>\n<link rel=\"canonical\" href=\"https:\/\/www.beahdezpsicologa.com\/en\/politica-de-cookies\/\" \/>\n<meta property=\"og:locale\" content=\"en_GB\" \/>\n<meta property=\"og:type\" content=\"article\" \/>\n<meta property=\"og:title\" content=\"Pol\u00edtica de cookies - Beatriz Hernandez\" \/>\n<meta property=\"og:description\" content=\"Pol\u00edtica de Cookies 1-. \u00bfQU\u00c9 SON LAS COOKIES? Las cookies y otras tecnolog\u00edas similares tales como local shared objects, flash cookies o p\u00edxeles, son herramientas empleadas por los servidores web para almacenar y recuperar informaci\u00f3n acerca de sus visitantes, as\u00ed como para ofrecer un correcto funcionamiento del sitio. La utilizaci\u00f3n de cookies est\u00e1 ampliamente extendida [&hellip;]\" \/>\n<meta property=\"og:url\" content=\"https:\/\/www.beahdezpsicologa.com\/en\/politica-de-cookies\/\" \/>\n<meta property=\"og:site_name\" content=\"Beatriz Hernandez\" \/>\n<meta property=\"article:modified_time\" content=\"2024-08-20T14:01:23+00:00\" \/>\n<meta name=\"twitter:card\" content=\"summary_large_image\" \/>\n<meta name=\"twitter:label1\" content=\"Estimated reading time\" \/>\n\t<meta name=\"twitter:data1\" content=\"6 minutes\" \/>\n<script type=\"application\/ld+json\" class=\"yoast-schema-graph\">{\"@context\":\"https:\\\/\\\/schema.org\",\"@graph\":[{\"@type\":\"WebPage\",\"@id\":\"https:\\\/\\\/www.beahdezpsicologa.com\\\/politica-de-cookies\\\/\",\"url\":\"https:\\\/\\\/www.beahdezpsicologa.com\\\/politica-de-cookies\\\/\",\"name\":\"Pol\u00edtica de cookies - Beatriz Hernandez\",\"isPartOf\":{\"@id\":\"https:\\\/\\\/www.beahdezpsicologa.com\\\/#website\"},\"datePublished\":\"2024-08-19T14:49:47+00:00\",\"dateModified\":\"2024-08-20T14:01:23+00:00\",\"breadcrumb\":{\"@id\":\"https:\\\/\\\/www.beahdezpsicologa.com\\\/politica-de-cookies\\\/#breadcrumb\"},\"inLanguage\":\"en-GB\",\"potentialAction\":[{\"@type\":\"ReadAction\",\"target\":[\"https:\\\/\\\/www.beahdezpsicologa.com\\\/politica-de-cookies\\\/\"]}]},{\"@type\":\"BreadcrumbList\",\"@id\":\"https:\\\/\\\/www.beahdezpsicologa.com\\\/politica-de-cookies\\\/#breadcrumb\",\"itemListElement\":[{\"@type\":\"ListItem\",\"position\":1,\"name\":\"Portada\",\"item\":\"https:\\\/\\\/www.beahdezpsicologa.com\\\/\"},{\"@type\":\"ListItem\",\"position\":2,\"name\":\"Pol\u00edtica de cookies\"}]},{\"@type\":\"WebSite\",\"@id\":\"https:\\\/\\\/www.beahdezpsicologa.com\\\/#website\",\"url\":\"https:\\\/\\\/www.beahdezpsicologa.com\\\/\",\"name\":\"Beatriz Hernandez\",\"description\":\"Te ayudo a liberarte de la ansiedad\",\"publisher\":{\"@id\":\"https:\\\/\\\/www.beahdezpsicologa.com\\\/#organization\"},\"potentialAction\":[{\"@type\":\"SearchAction\",\"target\":{\"@type\":\"EntryPoint\",\"urlTemplate\":\"https:\\\/\\\/www.beahdezpsicologa.com\\\/?s={search_term_string}\"},\"query-input\":{\"@type\":\"PropertyValueSpecification\",\"valueRequired\":true,\"valueName\":\"search_term_string\"}}],\"inLanguage\":\"en-GB\"},{\"@type\":\"Organization\",\"@id\":\"https:\\\/\\\/www.beahdezpsicologa.com\\\/#organization\",\"name\":\"Beatriz Hernandez\",\"url\":\"https:\\\/\\\/www.beahdezpsicologa.com\\\/\",\"logo\":{\"@type\":\"ImageObject\",\"inLanguage\":\"en-GB\",\"@id\":\"https:\\\/\\\/www.beahdezpsicologa.com\\\/#\\\/schema\\\/logo\\\/image\\\/\",\"url\":\"https:\\\/\\\/www.beahdezpsicologa.com\\\/wp-content\\\/uploads\\\/2024\\\/08\\\/beatriz-hernandez-logo.svg\",\"contentUrl\":\"https:\\\/\\\/www.beahdezpsicologa.com\\\/wp-content\\\/uploads\\\/2024\\\/08\\\/beatriz-hernandez-logo.svg\",\"width\":285,\"height\":204,\"caption\":\"Beatriz Hernandez\"},\"image\":{\"@id\":\"https:\\\/\\\/www.beahdezpsicologa.com\\\/#\\\/schema\\\/logo\\\/image\\\/\"}}]}<\/script>\n<!-- \/ Yoast SEO plugin. -->","yoast_head_json":{"title":"Pol\u00edtica de cookies - Beatriz Hernandez","robots":{"index":"index","follow":"follow","max-snippet":"max-snippet:-1","max-image-preview":"max-image-preview:large","max-video-preview":"max-video-preview:-1"},"canonical":"https:\/\/www.beahdezpsicologa.com\/en\/politica-de-cookies\/","og_locale":"en_GB","og_type":"article","og_title":"Pol\u00edtica de cookies - Beatriz Hernandez","og_description":"Pol\u00edtica de Cookies 1-. \u00bfQU\u00c9 SON LAS COOKIES? Las cookies y otras tecnolog\u00edas similares tales como local shared objects, flash cookies o p\u00edxeles, son herramientas empleadas por los servidores web para almacenar y recuperar informaci\u00f3n acerca de sus visitantes, as\u00ed como para ofrecer un correcto funcionamiento del sitio. La utilizaci\u00f3n de cookies est\u00e1 ampliamente extendida [&hellip;]","og_url":"https:\/\/www.beahdezpsicologa.com\/en\/politica-de-cookies\/","og_site_name":"Beatriz Hernandez","article_modified_time":"2024-08-20T14:01:23+00:00","twitter_card":"summary_large_image","twitter_misc":{"Estimated reading time":"6 minutes"},"schema":{"@context":"https:\/\/schema.org","@graph":[{"@type":"WebPage","@id":"https:\/\/www.beahdezpsicologa.com\/politica-de-cookies\/","url":"https:\/\/www.beahdezpsicologa.com\/politica-de-cookies\/","name":"Pol\u00edtica de cookies - Beatriz Hernandez","isPartOf":{"@id":"https:\/\/www.beahdezpsicologa.com\/#website"},"datePublished":"2024-08-19T14:49:47+00:00","dateModified":"2024-08-20T14:01:23+00:00","breadcrumb":{"@id":"https:\/\/www.beahdezpsicologa.com\/politica-de-cookies\/#breadcrumb"},"inLanguage":"en-GB","potentialAction":[{"@type":"ReadAction","target":["https:\/\/www.beahdezpsicologa.com\/politica-de-cookies\/"]}]},{"@type":"BreadcrumbList","@id":"https:\/\/www.beahdezpsicologa.com\/politica-de-cookies\/#breadcrumb","itemListElement":[{"@type":"ListItem","position":1,"name":"Portada","item":"https:\/\/www.beahdezpsicologa.com\/"},{"@type":"ListItem","position":2,"name":"Pol\u00edtica de cookies"}]},{"@type":"WebSite","@id":"https:\/\/www.beahdezpsicologa.com\/#website","url":"https:\/\/www.beahdezpsicologa.com\/","name":"Beatriz Hernandez","description":"Te ayudo a liberarte de la ansiedad","publisher":{"@id":"https:\/\/www.beahdezpsicologa.com\/#organization"},"potentialAction":[{"@type":"SearchAction","target":{"@type":"EntryPoint","urlTemplate":"https:\/\/www.beahdezpsicologa.com\/?s={search_term_string}"},"query-input":{"@type":"PropertyValueSpecification","valueRequired":true,"valueName":"search_term_string"}}],"inLanguage":"en-GB"},{"@type":"Organization","@id":"https:\/\/www.beahdezpsicologa.com\/#organization","name":"Beatriz Hernandez","url":"https:\/\/www.beahdezpsicologa.com\/","logo":{"@type":"ImageObject","inLanguage":"en-GB","@id":"https:\/\/www.beahdezpsicologa.com\/#\/schema\/logo\/image\/","url":"https:\/\/www.beahdezpsicologa.com\/wp-content\/uploads\/2024\/08\/beatriz-hernandez-logo.svg","contentUrl":"https:\/\/www.beahdezpsicologa.com\/wp-content\/uploads\/2024\/08\/beatriz-hernandez-logo.svg","width":285,"height":204,"caption":"Beatriz Hernandez"},"image":{"@id":"https:\/\/www.beahdezpsicologa.com\/#\/schema\/logo\/image\/"}}]}},"_links":{"self":[{"href":"https:\/\/www.beahdezpsicologa.com\/en\/wp-json\/wp\/v2\/pages\/24","targetHints":{"allow":["GET"]}}],"collection":[{"href":"https:\/\/www.beahdezpsicologa.com\/en\/wp-json\/wp\/v2\/pages"}],"about":[{"href":"https:\/\/www.beahdezpsicologa.com\/en\/wp-json\/wp\/v2\/types\/page"}],"author":[{"embeddable":true,"href":"https:\/\/www.beahdezpsicologa.com\/en\/wp-json\/wp\/v2\/users\/1"}],"replies":[{"embeddable":true,"href":"https:\/\/www.beahdezpsicologa.com\/en\/wp-json\/wp\/v2\/comments?post=24"}],"version-history":[{"count":19,"href":"https:\/\/www.beahdezpsicologa.com\/en\/wp-json\/wp\/v2\/pages\/24\/revisions"}],"predecessor-version":[{"id":585,"href":"https:\/\/www.beahdezpsicologa.com\/en\/wp-json\/wp\/v2\/pages\/24\/revisions\/585"}],"wp:attachment":[{"href":"https:\/\/www.beahdezpsicologa.com\/en\/wp-json\/wp\/v2\/media?parent=24"}],"curies":[{"name":"wp","href":"https:\/\/api.w.org\/{rel}","templated":true}]}}