{"id":20,"date":"2024-08-19T14:48:38","date_gmt":"2024-08-19T14:48:38","guid":{"rendered":"https:\/\/www.beahdezpsicologa.com\/?page_id=20"},"modified":"2024-08-20T16:02:05","modified_gmt":"2024-08-20T14:02:05","slug":"aviso-legal","status":"publish","type":"page","link":"https:\/\/www.beahdezpsicologa.com\/en\/aviso-legal\/","title":{"rendered":"Aviso legal"},"content":{"rendered":"\t\t<div data-elementor-type=\"wp-page\" data-elementor-id=\"20\" class=\"elementor elementor-20\" data-elementor-post-type=\"page\">\n\t\t\t\t\t\t<section class=\"elementor-section elementor-top-section elementor-element elementor-element-eeec54e elementor-section-full_width elementor-section-height-default elementor-section-height-default\" data-id=\"eeec54e\" data-element_type=\"section\" data-e-type=\"section\" data-settings=\"{&quot;background_background&quot;:&quot;classic&quot;}\">\n\t\t\t\t\t\t\t<div class=\"elementor-background-overlay\"><\/div>\n\t\t\t\t\t\t\t<div class=\"elementor-container elementor-column-gap-default\">\n\t\t\t\t\t<div class=\"elementor-column elementor-col-100 elementor-top-column elementor-element elementor-element-84cc3b6\" data-id=\"84cc3b6\" data-element_type=\"column\" data-e-type=\"column\">\n\t\t\t<div class=\"elementor-widget-wrap elementor-element-populated\">\n\t\t\t\t\t\t<div class=\"elementor-element elementor-element-e4c77d1 elementor-widget elementor-widget-heading\" data-id=\"e4c77d1\" data-element_type=\"widget\" data-e-type=\"widget\" data-widget_type=\"heading.default\">\n\t\t\t\t<div class=\"elementor-widget-container\">\n\t\t\t\t\t<h1 class=\"elementor-heading-title elementor-size-default\">Aviso Legal\n<\/h1>\t\t\t\t<\/div>\n\t\t\t\t<\/div>\n\t\t\t\t<div class=\"elementor-element elementor-element-fa93433 elementor-widget elementor-widget-text-editor\" data-id=\"fa93433\" data-element_type=\"widget\" data-e-type=\"widget\" data-widget_type=\"text-editor.default\">\n\t\t\t\t<div class=\"elementor-widget-container\">\n\t\t\t\t\t\t\t\t\t<p><span style=\"font-weight: 400;\">El presente sitio web se rige por los siguientes\u00a0<\/span><span style=\"font-weight: 400;\">T\u00c9RMINOS Y CONDICIONES<\/span><\/p>\t\t\t\t\t\t\t\t<\/div>\n\t\t\t\t<\/div>\n\t\t\t\t\t<\/div>\n\t\t<\/div>\n\t\t\t\t\t<\/div>\n\t\t<\/section>\n\t\t<div class=\"elementor-element elementor-element-3199133 e-flex e-con-boxed e-con e-parent\" data-id=\"3199133\" data-element_type=\"container\" data-e-type=\"container\">\n\t\t\t\t\t<div class=\"e-con-inner\">\n\t\t\t\t<div class=\"elementor-element elementor-element-f3b18f2 elementor-widget elementor-widget-text-editor\" data-id=\"f3b18f2\" data-element_type=\"widget\" data-e-type=\"widget\" data-widget_type=\"text-editor.default\">\n\t\t\t\t<div class=\"elementor-widget-container\">\n\t\t\t\t\t\t\t\t\t<p><strong>PRIMERO.- TITULARIDAD DEL SERVICIO<\/strong><\/p><p><span style=\"font-weight: 400;\">De conformidad con lo establecido en el apartado 1 del art\u00edculo 10 de la Ley 34\/2002 de 11 de julio, de servicios de la sociedad de la informaci\u00f3n y de comercio electr\u00f3nico te ofrecemos la siguiente informaci\u00f3n sobre nosotros:<\/span><\/p><p><span style=\"font-weight: 400;\">Nombre del titular\/responsable: Beatriz Hern\u00e1ndez Cuellar, que en lo sucesivo recibir\u00e1 la denominaci\u00f3n de \u201c<\/span><span style=\"font-weight: 400;\">Bea Hern\u00e1ndez Psic\u00f3loga<\/span><span style=\"font-weight: 400;\">\u201d, o de el\/la \u201ctitular\u201d.<\/span><\/p><p><span style=\"font-weight: 400;\">NIF\/CIF: 71094249F<\/span><\/p><p><span style=\"font-weight: 400;\">Domicilio: Paseo Doctor Torres Villarroel, 55, 3\u00ba derecha, 37006, Salamanca<\/span><\/p><p><span style=\"font-weight: 400;\">Email: <\/span><a href=\"mailto:beahdezpsicologa@gmail.com\"><span style=\"font-weight: 400;\" data-rich-links=\"{&quot;per_n&quot;:&quot;beahdezpsicologa@gmail.com&quot;,&quot;per_e&quot;:&quot;beahdezpsicologa@gmail.com&quot;,&quot;type&quot;:&quot;person&quot;}\">beahdezpsicologa@gmail.com<\/span><\/a><\/p><p>\u00a0<\/p><p><strong>SEGUNDO.- RESPONSABILIDAD DEL USUARIO<\/strong><\/p><p><span style=\"font-weight: 400;\">A los efectos de los presentes t\u00e9rminos y condiciones, tendr\u00e1 la consideraci\u00f3n de \u201cusuario\u201d cualquier persona f\u00edsica o jur\u00eddica que visite la web de <\/span><span style=\"font-weight: 400;\">[Bea Hern\u00e1ndez Psic\u00f3loga]<\/span><span style=\"font-weight: 400;\"> o haga uso de sus servicios. En estos instantes, t\u00fa eres un usuario.<\/span><\/p><p><span style=\"font-weight: 400;\">La navegaci\u00f3n o el uso de la web de <\/span><span style=\"font-weight: 400;\">[Bea Hern\u00e1ndez Psic\u00f3loga]<\/span><span style=\"font-weight: 400;\"> presume que comprendes y aceptas sin reservas los t\u00e9rminos de este texto legal, que podr\u00e1n ser actualizados por la titular en cualquier momento y sin previo aviso, por lo que te aconsejamos la revisi\u00f3n de los mismos con cierta frecuencia.<\/span><\/p><p><span style=\"font-weight: 400;\">Igualmente, los presentes t\u00e9rminos y condiciones se rigen por los principios de legalidad y de buena fe, debiendo comprometerte como \u201cusuario\u201d a utilizar todos los contenidos y\/o servicios de esta web de acuerdo con la normativa vigente, la moral, las buenas costumbres y el orden p\u00fablico.<\/span><\/p><p><span style=\"font-weight: 400;\">Tambi\u00e9n como usuario, te comprometes a no usar las facilidades incluidas en este servicio para publicar contenidos y comentarios que pudieran afectar a los derechos de cualquier visitante u otro usuario de esta web, o de terceros, incluyendo los derechos de autor, marcas, patentes, informaci\u00f3n confidencial y cualquier otro derecho de propiedad intelectual o industrial, sin olvidar todos aquellos que vulneren o transgredan el secreto profesional, el honor, la intimidad personal o familiar o la imagen y reputaci\u00f3n de terceros, o que sean il\u00edcitos o atenten a la moralidad o al orden p\u00fablico, dejando en todo caso indemne a <\/span><span style=\"font-weight: 400;\">[Bea Hern\u00e1ndez Psic\u00f3loga]<\/span><span style=\"font-weight: 400;\"> frente a cualquier reclamaci\u00f3n, judicial o extrajudicial surgida por tus contenidos y\/o comentarios.<\/span><\/p><p><span style=\"font-weight: 400;\">[Bea Hern\u00e1ndez Psic\u00f3loga]<\/span><span style=\"font-weight: 400;\"> se reserva el derecho a retirar de forma inmediata cualquier contenido generado por el usuario que transgreda las normativas y los principios citados.<\/span><\/p><p>\u00a0<\/p><p><strong>TERCERO.- FUNCIONAMIENTO DEL SERVICIO<\/strong><\/p><p><span style=\"font-weight: 400;\">La titular expresa su diligente compromiso de procurar que el servicio y o contenidos publicados en esta web (en lo sucesivo \u201cel Servicio\u201d) se desarrolle de forma normal e ininterrumpida.<\/span><\/p><p><span style=\"font-weight: 400;\">No obstante, <\/span><span style=\"font-weight: 400;\">[Bea Hern\u00e1ndez Psic\u00f3loga]<\/span><span style=\"font-weight: 400;\"> no ser\u00e1 responsable de ning\u00fan da\u00f1o, molestia o incomodidad que se pudieran general al usuario en caso de imposibilidad de prestar el Servicio debida a supuestos de caso fortuito, fuerza mayor u otras causas no imputables a dicho titular.<\/span><\/p><p><span style=\"font-weight: 400;\">En ning\u00fan caso <\/span><span style=\"font-weight: 400;\">[Bea Hern\u00e1ndez Psic\u00f3loga]<\/span><span style=\"font-weight: 400;\"> ser\u00e1 responsable del inadecuado funcionamiento del Servicio si ello obedece a labores de mantenimiento de car\u00e1cter t\u00e9cnico y similares, a incidencias que afecten a servidores, a proveedores de servicios de conexi\u00f3n a internet, a una defectuosa configuraci\u00f3n de los equipos del usuario o a una insuficiente capacidad en los dispositivos utilizados por el usuario para acceder a este servicio.<\/span><\/p><p><span style=\"font-weight: 400;\">Igualmente, <\/span><span style=\"font-weight: 400;\">[Bea Hern\u00e1ndez Psic\u00f3loga]<\/span><span style=\"font-weight: 400;\"> no garantiza la total precisi\u00f3n, integridad o exactitud de los contenidos, declaraciones y opiniones publicados en este sitio web, reserv\u00e1ndose la titular, a su exclusivo criterio, la facultad de suprimir o corregir cualquier error o imprecisi\u00f3n detectadas conforme al principio de buena fe.<\/span><\/p><p>\u00a0<\/p><p><strong>CUARTO.- MODIFICACI\u00d3N O SUPRESI\u00d3N DEL SERVICIO<\/strong><\/p><p><span style=\"font-weight: 400;\">[Bea Hern\u00e1ndez Psic\u00f3loga]<\/span><span style=\"font-weight: 400;\"> se reserva el derecho de modificar o suprimir, unilateralmente y sin previo aviso, el Servicio, atendiendo a los m\u00e1s diversos criterios. En su caso, la supresi\u00f3n se realizar\u00e1 con pleno respeto a los derechos adquiridos hasta ese momento por los usuarios de <\/span><span style=\"font-weight: 400;\">[Bea Hern\u00e1ndez Psic\u00f3loga]<\/span><span style=\"font-weight: 400;\">.<\/span><\/p><p><span style=\"font-weight: 400;\">Cualquier servicio y\/o contenido a\u00f1adido o mejorado que se incluya en la web de <\/span><span style=\"font-weight: 400;\">[Bea Hern\u00e1ndez Psic\u00f3loga]<\/span><span style=\"font-weight: 400;\"> se entender\u00e1 comprendido y regido por los presentes t\u00e9rminos y condiciones.<\/span><\/p><p>\u00a0<\/p><p><strong>QUINTO.- PROPIEDAD INTELECTUAL<\/strong><\/p><p><span style=\"font-weight: 400;\">Como usuario de esta web reconoces sin reserva la exclusiva titularidad de <\/span><span style=\"font-weight: 400;\">[Bea Hern\u00e1ndez Psic\u00f3loga]<\/span><span style=\"font-weight: 400;\"> sobre cualesquiera derechos de propiedad intelectual concernientes tanto a los materiales descargables como a las p\u00e1ginas que dan soporte al Servicio, en particular en lo referente a la apariencia, combinaci\u00f3n de colores, logotipos, gr\u00e1ficos, as\u00ed como sobre los textos, creaciones multimedia (visual o audiovisual) y contenidos editoriales del sitio web. Dicha obligaci\u00f3n de reconocimiento subsistir\u00e1 aun en el caso de haberse suprimido el presente servicio.<\/span><\/p><p><span style=\"font-weight: 400;\">No obstante, aquellos contenidos cuya titularidad no perteneciese a <\/span><span style=\"font-weight: 400;\">[Bea Hern\u00e1ndez Psic\u00f3loga]<\/span><span style=\"font-weight: 400;\">, pero que la titular utilizase en el Servicio con la respectiva licencia, se regir\u00e1n por los derechos de propiedad que establezca su correspondiente autor. Dichos contenidos externos tendr\u00e1n sus propias condiciones de copia y distribuci\u00f3n que nada tienen que ver con las de <\/span><span style=\"font-weight: 400;\">[Bea Hern\u00e1ndez Psic\u00f3loga]<\/span><span style=\"font-weight: 400;\"> y, por tanto, antes de realizar cualquier acci\u00f3n con dichos contenidos ser\u00eda aconsejable que compruebes sus respectivas condiciones de uso.<\/span><\/p><p>\u00a0<\/p><p><strong>SEXTO.- PROHIBICIONES RESPECTO A LOS CONTENIDOS<\/strong><\/p><p><span style=\"font-weight: 400;\">Como consecuencia de lo dispuesto en el apartado anterior, queda expresamente prohibida la copia, reproducci\u00f3n, puesta a disposici\u00f3n, comunicaci\u00f3n p\u00fablica, distribuci\u00f3n y\/o transformaci\u00f3n (incluidas la remezcla y la adaptaci\u00f3n) en todo o en parte de cualesquiera materiales descargables, contenido escrito y\/o audiovisual, as\u00ed como logotipos y otros elementos sujetos a la exclusiva propiedad intelectual de <\/span><span style=\"font-weight: 400;\">[Bea Hern\u00e1ndez Psic\u00f3loga]<\/span><span style=\"font-weight: 400;\">.<\/span><\/p><p><span style=\"font-weight: 400;\">Dicha prohibici\u00f3n general aplica a cualquier usuario del Servicio y solo podr\u00e1 ser limitada y\/o suprimida con la autorizaci\u00f3n previa y por escrito del titular.<\/span><\/p><p><span style=\"font-weight: 400;\">Como usuario, igualmente te comprometes a abstenerte de suprimir, eludir, manipular, invertir o alterar de cualquier modo los dispositivos de acceso restringido o de seguridad que la titular tuviese instalados sobre los contenidos de pago o sujetos a derecho de admisi\u00f3n.<\/span><\/p><p><span style=\"font-weight: 400;\">Quedan totalmente prohibidas las denominadas \u201cconjuntas\u201d. La conjunta es una pr\u00e1ctica consistente en la uni\u00f3n o acuerdo de varias personas para compartir los datos de acceso a las \u00e1reas sujetas a derecho de admisi\u00f3n. En dichas conjuntas, una sola persona realiza el pago del curso o de los contenidos virtuales sujetos a remuneraci\u00f3n y esta facilita el acceso a diferentes personas. Dado el car\u00e1cter personal e intransferible de las licencias proporcionadas por <\/span><span style=\"font-weight: 400;\">[Bea Hern\u00e1ndez Psic\u00f3loga]<\/span><span style=\"font-weight: 400;\"> a cada persona que efect\u00faa el pago por los contenidos virtuales sujetos a remuneraci\u00f3n o por el acceso a \u00e1reas restringidas del Servicio, la titular expresa su m\u00e1s firme convicci\u00f3n de perseguir mediante acciones civiles y, si se diera el caso, penales aquellas pr\u00e1cticas que consistan en compartir la licencia de acceso y\/o uso con m\u00e1s personas.<\/span><\/p><p>\u00a0<\/p><p><strong>S\u00c9PTIMO.- USO DE COOKIES<\/strong><\/p><p><span style=\"font-weight: 400;\">[Bea Hern\u00e1ndez Psic\u00f3loga]<\/span><span style=\"font-weight: 400;\"> podr\u00e1 usar dispositivos de almacenamiento y recuperaci\u00f3n de datos en equipos terminales de los destinatarios (llamados com\u00fanmente \u201ccookies\u201d) de conformidad con lo expresado en la Pol\u00edtica de Cookies\u00a0<\/span><\/p><p>\u00a0<\/p><p><strong>OCTAVO.- ENLACES A SITIOS DE TERCEROS<\/strong><\/p><p><span style=\"font-weight: 400;\">La titular del servicio informa de la posibilidad de que los contenidos del Servicio incluyan enlaces de hipertexto o hiperenlaces que podr\u00edan conducir a sitios de terceros ajenos a <\/span><span style=\"font-weight: 400;\">[Bea Hern\u00e1ndez Psic\u00f3loga]<\/span><span style=\"font-weight: 400;\">.<\/span><\/p><p><span style=\"font-weight: 400;\">Los destinos de dichos enlaces o links no han sido revisados ni controlados por <\/span><span style=\"font-weight: 400;\">[Bea Hern\u00e1ndez Psic\u00f3loga]<\/span><span style=\"font-weight: 400;\">, ni <\/span><span style=\"font-weight: 400;\">[Bea Hern\u00e1ndez Psic\u00f3loga]<\/span><span style=\"font-weight: 400;\"> guarda relaci\u00f3n alguna con los titulares de los sitios web de destino, por lo que, como usuario, aceptas expresamente dejar al titular indemne de cualquier responsabilidad originada por la visita a dichos sitios de destino.<\/span><\/p><p>\u00a0<\/p><p><strong>NOVENO-. PROTECCI\u00d3N DE DATOS PERSONALES<\/strong><\/p><p><span style=\"font-weight: 400;\">[Bea Hern\u00e1ndez Psic\u00f3loga]<\/span><span style=\"font-weight: 400;\"> expresa el mayor de los respetos por tus derechos relativos a la privacidad, as\u00ed como el m\u00e1ximo rigor en el cumplimiento de la normativa vigente en materia de protecci\u00f3n de datos de car\u00e1cter personal, de conformidad con esta \u201cPol\u00edtica de Privacidad\u201d<\/span><\/p><p>\u00a0<\/p><p><strong>D\u00c9CIMO.- NORMATIVA APLICABLE Y JURISDICCI\u00d3N COMPETENTE<\/strong><\/p><p><span style=\"font-weight: 400;\">Esta web se rige por la ley espa\u00f1ola y por la normativa europea que sea aplicable en Espa\u00f1a.<\/span><\/p><p><span style=\"font-weight: 400;\">Para la resoluci\u00f3n de los conflictos que pudieran surgir derivados de la actividad, de los contenidos y\/o servicios alojados en esta web, el usuario y el titular acuerdan someterse a los jueces y tribunales correspondientes a Salamanca (Espa\u00f1a), con renuncia expresa a cualquier otro fuero que pudiera corresponderles.<\/span><\/p>\t\t\t\t\t\t\t\t<\/div>\n\t\t\t\t<\/div>\n\t\t\t\t\t<\/div>\n\t\t\t\t<\/div>\n\t\t\t\t<\/div>\n\t\t","protected":false},"excerpt":{"rendered":"<p>Aviso Legal El presente sitio web se rige por los siguientes\u00a0T\u00c9RMINOS Y CONDICIONES PRIMERO.- TITULARIDAD DEL SERVICIO De conformidad con lo establecido en el apartado 1 del art\u00edculo 10 de la Ley 34\/2002 de 11 de julio, de servicios de la sociedad de la informaci\u00f3n y de comercio electr\u00f3nico te ofrecemos la siguiente informaci\u00f3n sobre [&hellip;]<\/p>\n","protected":false},"author":1,"featured_media":0,"parent":0,"menu_order":0,"comment_status":"closed","ping_status":"closed","template":"","meta":{"footnotes":""},"class_list":["post-20","page","type-page","status-publish","hentry"],"yoast_head":"<!-- This site is optimized with the Yoast SEO plugin v27.4 - https:\/\/yoast.com\/product\/yoast-seo-wordpress\/ -->\n<title>Aviso legal - Beatriz Hernandez<\/title>\n<meta name=\"robots\" content=\"index, follow, max-snippet:-1, max-image-preview:large, max-video-preview:-1\" \/>\n<link rel=\"canonical\" href=\"https:\/\/www.beahdezpsicologa.com\/en\/aviso-legal\/\" \/>\n<meta property=\"og:locale\" content=\"en_GB\" \/>\n<meta property=\"og:type\" content=\"article\" \/>\n<meta property=\"og:title\" content=\"Aviso legal - Beatriz Hernandez\" \/>\n<meta property=\"og:description\" content=\"Aviso Legal El presente sitio web se rige por los siguientes\u00a0T\u00c9RMINOS Y CONDICIONES PRIMERO.- TITULARIDAD DEL SERVICIO De conformidad con lo establecido en el apartado 1 del art\u00edculo 10 de la Ley 34\/2002 de 11 de julio, de servicios de la sociedad de la informaci\u00f3n y de comercio electr\u00f3nico te ofrecemos la siguiente informaci\u00f3n sobre [&hellip;]\" \/>\n<meta property=\"og:url\" content=\"https:\/\/www.beahdezpsicologa.com\/en\/aviso-legal\/\" \/>\n<meta property=\"og:site_name\" content=\"Beatriz Hernandez\" \/>\n<meta property=\"article:modified_time\" content=\"2024-08-20T14:02:05+00:00\" \/>\n<meta name=\"twitter:card\" content=\"summary_large_image\" \/>\n<meta name=\"twitter:label1\" content=\"Estimated reading time\" \/>\n\t<meta name=\"twitter:data1\" content=\"7 minutes\" \/>\n<script type=\"application\/ld+json\" class=\"yoast-schema-graph\">{\"@context\":\"https:\\\/\\\/schema.org\",\"@graph\":[{\"@type\":\"WebPage\",\"@id\":\"https:\\\/\\\/www.beahdezpsicologa.com\\\/aviso-legal\\\/\",\"url\":\"https:\\\/\\\/www.beahdezpsicologa.com\\\/aviso-legal\\\/\",\"name\":\"Aviso legal - Beatriz Hernandez\",\"isPartOf\":{\"@id\":\"https:\\\/\\\/www.beahdezpsicologa.com\\\/#website\"},\"datePublished\":\"2024-08-19T14:48:38+00:00\",\"dateModified\":\"2024-08-20T14:02:05+00:00\",\"breadcrumb\":{\"@id\":\"https:\\\/\\\/www.beahdezpsicologa.com\\\/aviso-legal\\\/#breadcrumb\"},\"inLanguage\":\"en-GB\",\"potentialAction\":[{\"@type\":\"ReadAction\",\"target\":[\"https:\\\/\\\/www.beahdezpsicologa.com\\\/aviso-legal\\\/\"]}]},{\"@type\":\"BreadcrumbList\",\"@id\":\"https:\\\/\\\/www.beahdezpsicologa.com\\\/aviso-legal\\\/#breadcrumb\",\"itemListElement\":[{\"@type\":\"ListItem\",\"position\":1,\"name\":\"Portada\",\"item\":\"https:\\\/\\\/www.beahdezpsicologa.com\\\/\"},{\"@type\":\"ListItem\",\"position\":2,\"name\":\"Aviso legal\"}]},{\"@type\":\"WebSite\",\"@id\":\"https:\\\/\\\/www.beahdezpsicologa.com\\\/#website\",\"url\":\"https:\\\/\\\/www.beahdezpsicologa.com\\\/\",\"name\":\"Beatriz Hernandez\",\"description\":\"Te ayudo a liberarte de la ansiedad\",\"publisher\":{\"@id\":\"https:\\\/\\\/www.beahdezpsicologa.com\\\/#organization\"},\"potentialAction\":[{\"@type\":\"SearchAction\",\"target\":{\"@type\":\"EntryPoint\",\"urlTemplate\":\"https:\\\/\\\/www.beahdezpsicologa.com\\\/?s={search_term_string}\"},\"query-input\":{\"@type\":\"PropertyValueSpecification\",\"valueRequired\":true,\"valueName\":\"search_term_string\"}}],\"inLanguage\":\"en-GB\"},{\"@type\":\"Organization\",\"@id\":\"https:\\\/\\\/www.beahdezpsicologa.com\\\/#organization\",\"name\":\"Beatriz Hernandez\",\"url\":\"https:\\\/\\\/www.beahdezpsicologa.com\\\/\",\"logo\":{\"@type\":\"ImageObject\",\"inLanguage\":\"en-GB\",\"@id\":\"https:\\\/\\\/www.beahdezpsicologa.com\\\/#\\\/schema\\\/logo\\\/image\\\/\",\"url\":\"https:\\\/\\\/www.beahdezpsicologa.com\\\/wp-content\\\/uploads\\\/2024\\\/08\\\/beatriz-hernandez-logo.svg\",\"contentUrl\":\"https:\\\/\\\/www.beahdezpsicologa.com\\\/wp-content\\\/uploads\\\/2024\\\/08\\\/beatriz-hernandez-logo.svg\",\"width\":285,\"height\":204,\"caption\":\"Beatriz Hernandez\"},\"image\":{\"@id\":\"https:\\\/\\\/www.beahdezpsicologa.com\\\/#\\\/schema\\\/logo\\\/image\\\/\"}}]}<\/script>\n<!-- \/ Yoast SEO plugin. -->","yoast_head_json":{"title":"Aviso legal - Beatriz Hernandez","robots":{"index":"index","follow":"follow","max-snippet":"max-snippet:-1","max-image-preview":"max-image-preview:large","max-video-preview":"max-video-preview:-1"},"canonical":"https:\/\/www.beahdezpsicologa.com\/en\/aviso-legal\/","og_locale":"en_GB","og_type":"article","og_title":"Aviso legal - Beatriz Hernandez","og_description":"Aviso Legal El presente sitio web se rige por los siguientes\u00a0T\u00c9RMINOS Y CONDICIONES PRIMERO.- TITULARIDAD DEL SERVICIO De conformidad con lo establecido en el apartado 1 del art\u00edculo 10 de la Ley 34\/2002 de 11 de julio, de servicios de la sociedad de la informaci\u00f3n y de comercio electr\u00f3nico te ofrecemos la siguiente informaci\u00f3n sobre [&hellip;]","og_url":"https:\/\/www.beahdezpsicologa.com\/en\/aviso-legal\/","og_site_name":"Beatriz Hernandez","article_modified_time":"2024-08-20T14:02:05+00:00","twitter_card":"summary_large_image","twitter_misc":{"Estimated reading time":"7 minutes"},"schema":{"@context":"https:\/\/schema.org","@graph":[{"@type":"WebPage","@id":"https:\/\/www.beahdezpsicologa.com\/aviso-legal\/","url":"https:\/\/www.beahdezpsicologa.com\/aviso-legal\/","name":"Aviso legal - Beatriz Hernandez","isPartOf":{"@id":"https:\/\/www.beahdezpsicologa.com\/#website"},"datePublished":"2024-08-19T14:48:38+00:00","dateModified":"2024-08-20T14:02:05+00:00","breadcrumb":{"@id":"https:\/\/www.beahdezpsicologa.com\/aviso-legal\/#breadcrumb"},"inLanguage":"en-GB","potentialAction":[{"@type":"ReadAction","target":["https:\/\/www.beahdezpsicologa.com\/aviso-legal\/"]}]},{"@type":"BreadcrumbList","@id":"https:\/\/www.beahdezpsicologa.com\/aviso-legal\/#breadcrumb","itemListElement":[{"@type":"ListItem","position":1,"name":"Portada","item":"https:\/\/www.beahdezpsicologa.com\/"},{"@type":"ListItem","position":2,"name":"Aviso legal"}]},{"@type":"WebSite","@id":"https:\/\/www.beahdezpsicologa.com\/#website","url":"https:\/\/www.beahdezpsicologa.com\/","name":"Beatriz Hernandez","description":"Te ayudo a liberarte de la ansiedad","publisher":{"@id":"https:\/\/www.beahdezpsicologa.com\/#organization"},"potentialAction":[{"@type":"SearchAction","target":{"@type":"EntryPoint","urlTemplate":"https:\/\/www.beahdezpsicologa.com\/?s={search_term_string}"},"query-input":{"@type":"PropertyValueSpecification","valueRequired":true,"valueName":"search_term_string"}}],"inLanguage":"en-GB"},{"@type":"Organization","@id":"https:\/\/www.beahdezpsicologa.com\/#organization","name":"Beatriz Hernandez","url":"https:\/\/www.beahdezpsicologa.com\/","logo":{"@type":"ImageObject","inLanguage":"en-GB","@id":"https:\/\/www.beahdezpsicologa.com\/#\/schema\/logo\/image\/","url":"https:\/\/www.beahdezpsicologa.com\/wp-content\/uploads\/2024\/08\/beatriz-hernandez-logo.svg","contentUrl":"https:\/\/www.beahdezpsicologa.com\/wp-content\/uploads\/2024\/08\/beatriz-hernandez-logo.svg","width":285,"height":204,"caption":"Beatriz Hernandez"},"image":{"@id":"https:\/\/www.beahdezpsicologa.com\/#\/schema\/logo\/image\/"}}]}},"_links":{"self":[{"href":"https:\/\/www.beahdezpsicologa.com\/en\/wp-json\/wp\/v2\/pages\/20","targetHints":{"allow":["GET"]}}],"collection":[{"href":"https:\/\/www.beahdezpsicologa.com\/en\/wp-json\/wp\/v2\/pages"}],"about":[{"href":"https:\/\/www.beahdezpsicologa.com\/en\/wp-json\/wp\/v2\/types\/page"}],"author":[{"embeddable":true,"href":"https:\/\/www.beahdezpsicologa.com\/en\/wp-json\/wp\/v2\/users\/1"}],"replies":[{"embeddable":true,"href":"https:\/\/www.beahdezpsicologa.com\/en\/wp-json\/wp\/v2\/comments?post=20"}],"version-history":[{"count":13,"href":"https:\/\/www.beahdezpsicologa.com\/en\/wp-json\/wp\/v2\/pages\/20\/revisions"}],"predecessor-version":[{"id":594,"href":"https:\/\/www.beahdezpsicologa.com\/en\/wp-json\/wp\/v2\/pages\/20\/revisions\/594"}],"wp:attachment":[{"href":"https:\/\/www.beahdezpsicologa.com\/en\/wp-json\/wp\/v2\/media?parent=20"}],"curies":[{"name":"wp","href":"https:\/\/api.w.org\/{rel}","templated":true}]}}