{"id":15,"date":"2024-08-19T14:47:06","date_gmt":"2024-08-19T14:47:06","guid":{"rendered":"https:\/\/www.beahdezpsicologa.com\/?page_id=15"},"modified":"2024-09-13T21:39:33","modified_gmt":"2024-09-13T19:39:33","slug":"sobre-mi","status":"publish","type":"page","link":"https:\/\/www.beahdezpsicologa.com\/en\/sobre-mi\/","title":{"rendered":"On my"},"content":{"rendered":"<div data-elementor-type=\"wp-page\" data-elementor-id=\"15\" class=\"elementor elementor-15\" data-elementor-post-type=\"page\">\n\t\t\t\t<div class=\"elementor-element elementor-element-56f8eea e-flex e-con-boxed e-con e-parent\" data-id=\"56f8eea\" data-element_type=\"container\" data-e-type=\"container\" data-settings=\"{&quot;background_background&quot;:&quot;classic&quot;}\">\n\t\t\t\t\t<div class=\"e-con-inner\">\n\t\t<div class=\"elementor-element elementor-element-6247f9c e-con-full e-flex e-con e-child\" data-id=\"6247f9c\" data-element_type=\"container\" data-e-type=\"container\">\n\t\t\t\t<div class=\"elementor-element elementor-element-b4688f0 animated-slow elementor-invisible elementor-widget elementor-widget-heading\" data-id=\"b4688f0\" data-element_type=\"widget\" data-e-type=\"widget\" data-settings=\"{&quot;_animation&quot;:&quot;fadeInDown&quot;}\" data-widget_type=\"heading.default\">\n\t\t\t\t<div class=\"elementor-widget-container\">\n\t\t\t\t\t<h2 class=\"elementor-heading-title elementor-size-default\">Beatriz Hernandez<\/h2>\t\t\t\t<\/div>\n\t\t\t\t<\/div>\n\t\t\t\t<div class=\"elementor-element elementor-element-f1e4903 animated-slow elementor-invisible elementor-widget elementor-widget-text-editor\" data-id=\"f1e4903\" data-element_type=\"widget\" data-e-type=\"widget\" data-settings=\"{&quot;_animation&quot;:&quot;fadeInUp&quot;,&quot;_animation_delay&quot;:500}\" data-widget_type=\"text-editor.default\">\n\t\t\t\t<div class=\"elementor-widget-container\">\n\t\t\t\t\t\t\t\t\t<p>My name is Bea and I&#039;m here to accompany you.<\/p>\t\t\t\t\t\t\t\t<\/div>\n\t\t\t\t<\/div>\n\t\t\t\t<div class=\"elementor-element elementor-element-2f6b4d0 elementor-mobile-align-center animated-slow elementor-invisible elementor-widget elementor-widget-button\" data-id=\"2f6b4d0\" data-element_type=\"widget\" data-e-type=\"widget\" data-settings=\"{&quot;_animation&quot;:&quot;fadeInUp&quot;,&quot;_animation_delay&quot;:500}\" data-widget_type=\"button.default\">\n\t\t\t\t<div class=\"elementor-widget-container\">\n\t\t\t\t\t\t\t\t\t<div class=\"elementor-button-wrapper\">\n\t\t\t\t\t<a class=\"elementor-button elementor-button-link elementor-size-sm\" href=\"https:\/\/api.whatsapp.com\/send\/?phone=34604969929&#038;text=Hola%21+Me+gustar%C3%ADa+reservar+una+cita+contigo.+Gracias%21&#038;type=phone_number&#038;app_absent=0\" target=\"_blank\">\n\t\t\t\t\t\t<span class=\"elementor-button-content-wrapper\">\n\t\t\t\t\t\t\t\t\t<span class=\"elementor-button-text\">Connect<\/span>\n\t\t\t\t\t<\/span>\n\t\t\t\t\t<\/a>\n\t\t\t\t<\/div>\n\t\t\t\t\t\t\t\t<\/div>\n\t\t\t\t<\/div>\n\t\t\t\t<\/div>\n\t\t<div class=\"elementor-element elementor-element-02c0e5b e-con-full e-flex e-con e-child\" data-id=\"02c0e5b\" data-element_type=\"container\" data-e-type=\"container\">\n\t\t\t\t<div class=\"elementor-element elementor-element-c8ef9fc animated-slow elementor-invisible elementor-widget elementor-widget-image\" data-id=\"c8ef9fc\" data-element_type=\"widget\" data-e-type=\"widget\" data-settings=\"{&quot;_animation&quot;:&quot;fadeIn&quot;}\" data-widget_type=\"image.default\">\n\t\t\t\t<div class=\"elementor-widget-container\">\n\t\t\t\t\t\t\t\t\t\t\t\t\t\t\t<img loading=\"lazy\" decoding=\"async\" width=\"500\" height=\"500\" src=\"https:\/\/www.beahdezpsicologa.com\/wp-content\/uploads\/Beatriz_Hernandez-.webp\" class=\"attachment-large size-large wp-image-773\" alt=\"\" \/>\t\t\t\t\t\t\t\t\t\t\t\t\t\t\t<\/div>\n\t\t\t\t<\/div>\n\t\t\t\t<\/div>\n\t\t\t\t\t<\/div>\n\t\t\t\t<\/div>\n\t\t<div class=\"elementor-element elementor-element-e96c706 e-flex e-con-boxed e-con e-parent\" data-id=\"e96c706\" data-element_type=\"container\" data-e-type=\"container\" data-settings=\"{&quot;background_background&quot;:&quot;classic&quot;}\">\n\t\t\t\t\t<div class=\"e-con-inner\">\n\t\t<div class=\"elementor-element elementor-element-3312760 e-con-full e-flex e-con e-child\" data-id=\"3312760\" data-element_type=\"container\" data-e-type=\"container\">\n\t\t\t\t<div class=\"elementor-element elementor-element-25a639f elementor-widget__width-auto elementor-absolute elementor-widget-tablet__width-initial elementor-widget-mobile__width-initial elementor-invisible elementor-widget elementor-widget-image\" data-id=\"25a639f\" data-element_type=\"widget\" data-e-type=\"widget\" data-settings=\"{&quot;_animation&quot;:&quot;rotateInDownLeft&quot;,&quot;_animation_delay&quot;:1000,&quot;_position&quot;:&quot;absolute&quot;}\" data-widget_type=\"image.default\">\n\t\t\t\t<div class=\"elementor-widget-container\">\n\t\t\t\t\t\t\t\t\t\t\t\t\t\t\t<img loading=\"lazy\" decoding=\"async\" width=\"190\" height=\"258\" src=\"https:\/\/www.beahdezpsicologa.com\/wp-content\/uploads\/shape-lines.png\" class=\"attachment-full size-full wp-image-133\" alt=\"\" \/>\t\t\t\t\t\t\t\t\t\t\t\t\t\t\t<\/div>\n\t\t\t\t<\/div>\n\t\t<div class=\"elementor-element elementor-element-7c3f82d e-con-full e-flex e-con e-child\" data-id=\"7c3f82d\" data-element_type=\"container\" data-e-type=\"container\">\n\t\t<div class=\"elementor-element elementor-element-cd28cd2 e-con-full e-flex e-con e-child\" data-id=\"cd28cd2\" data-element_type=\"container\" data-e-type=\"container\">\n\t\t\t\t<div class=\"elementor-element elementor-element-059cc36 elementor-widget__width-auto elementor-absolute elementor-widget-divider--view-line elementor-invisible elementor-widget elementor-widget-divider\" data-id=\"059cc36\" data-element_type=\"widget\" data-e-type=\"widget\" data-settings=\"{&quot;_position&quot;:&quot;absolute&quot;,&quot;_animation&quot;:&quot;fadeInLeft&quot;}\" data-widget_type=\"divider.default\">\n\t\t\t\t<div class=\"elementor-widget-container\">\n\t\t\t\t\t\t\t<div class=\"elementor-divider\">\n\t\t\t<span class=\"elementor-divider-separator\">\n\t\t\t\t\t\t<\/span>\n\t\t<\/div>\n\t\t\t\t\t\t<\/div>\n\t\t\t\t<\/div>\n\t\t\t\t<div class=\"elementor-element elementor-element-e983fa4 elementor-invisible elementor-widget elementor-widget-heading\" data-id=\"e983fa4\" data-element_type=\"widget\" data-e-type=\"widget\" data-settings=\"{&quot;_animation&quot;:&quot;fadeInRight&quot;}\" data-widget_type=\"heading.default\">\n\t\t\t\t<div class=\"elementor-widget-container\">\n\t\t\t\t\t<h6 class=\"elementor-heading-title elementor-size-default\">Hello! My name is Bea and I am a psychologist general health. \n<\/h6>\t\t\t\t<\/div>\n\t\t\t\t<\/div>\n\t\t\t\t<div class=\"elementor-element elementor-element-2aecf38 animated-slow elementor-invisible elementor-widget elementor-widget-text-editor\" data-id=\"2aecf38\" data-element_type=\"widget\" data-e-type=\"widget\" data-settings=\"{&quot;_animation&quot;:&quot;fadeInUp&quot;,&quot;_animation_delay&quot;:500}\" data-widget_type=\"text-editor.default\">\n\t\t\t\t<div class=\"elementor-widget-container\">\n\t\t\t\t\t\t\t\t\t<p><span style=\"font-weight: 400;\">I studied the career of Psychology in Salamanca. From over 7 years ago I practise as a psychologist in the private sector performing psychological care online and in person.<\/span><\/p><p><span style=\"font-weight: 400;\">I started working with a population of children and young people&#039;s youth, though later I majored in intervention with adults, a field that I am passionate about.<\/span><\/p><p><span style=\"font-weight: 400;\">During all the years that I have been practicing I have been trained in different approaches and issues, so I think that I work from an integrative approach. Each patient has different needs, and from this approach the aim is to adapt to each of these needs to give you the greatest possible care.<\/span><\/p><p><span style=\"font-weight: 400;\">From less than a year ago I began to share about mental health in my account Instagram @beahdezpsicologa. There you will find information that may be useful to you, although this never replaces a process of therapy if that is what you need.<\/span><\/p>\t\t\t\t\t\t\t\t<\/div>\n\t\t\t\t<\/div>\n\t\t\t\t<div class=\"elementor-element elementor-element-edc10d6 elementor-align-left elementor-mobile-align-center elementor-invisible elementor-widget elementor-widget-button\" data-id=\"edc10d6\" data-element_type=\"widget\" data-e-type=\"widget\" data-settings=\"{&quot;_animation&quot;:&quot;rotateInUpLeft&quot;,&quot;_animation_delay&quot;:500}\" data-widget_type=\"button.default\">\n\t\t\t\t<div class=\"elementor-widget-container\">\n\t\t\t\t\t\t\t\t\t<div class=\"elementor-button-wrapper\">\n\t\t\t\t\t<a class=\"elementor-button elementor-button-link elementor-size-sm\" href=\"https:\/\/www.instagram.com\/beahdezpsicologa\/\" target=\"_blank\">\n\t\t\t\t\t\t<span class=\"elementor-button-content-wrapper\">\n\t\t\t\t\t\t\t\t\t<span class=\"elementor-button-text\"> Explore more services<\/span>\n\t\t\t\t\t<\/span>\n\t\t\t\t\t<\/a>\n\t\t\t\t<\/div>\n\t\t\t\t\t\t\t\t<\/div>\n\t\t\t\t<\/div>\n\t\t\t\t<\/div>\n\t\t\t\t<\/div>\n\t\t\t\t<\/div>\n\t\t<div class=\"elementor-element elementor-element-f711466 e-con-full e-flex e-con e-child\" data-id=\"f711466\" data-element_type=\"container\" data-e-type=\"container\">\n\t\t\t\t<\/div>\n\t\t\t\t\t<\/div>\n\t\t\t\t<\/div>\n\t\t\t\t<\/div>","protected":false},"excerpt":{"rendered":"<p>Beatriz Hern\u00e1ndez Mi nombre es Bea y estoy aqu\u00ed para acompa\u00f1arte. Conectemos \u00a1Hola! Mi nombre es Bea y soy psic\u00f3loga general sanitaria. Estudi\u00e9 la carrera de Psicolog\u00eda en Salamanca. Desde hace m\u00e1s de 7 a\u00f1os ejerzo como psic\u00f3loga en el \u00e1mbito privado realizando atenci\u00f3n psicol\u00f3gica online y presencial. Empec\u00e9 trabajando con poblaci\u00f3n infanto juvenil, aunque [&hellip;]<\/p>\n","protected":false},"author":1,"featured_media":0,"parent":0,"menu_order":0,"comment_status":"closed","ping_status":"closed","template":"","meta":{"footnotes":""},"class_list":["post-15","page","type-page","status-publish","hentry"],"yoast_head":"<!-- This site is optimized with the Yoast SEO plugin v27.5 - https:\/\/yoast.com\/product\/yoast-seo-wordpress\/ -->\n<title>Sobre mi - Beatriz Hernandez<\/title>\n<meta name=\"robots\" content=\"index, follow, max-snippet:-1, max-image-preview:large, max-video-preview:-1\" \/>\n<link rel=\"canonical\" href=\"https:\/\/www.beahdezpsicologa.com\/en\/sobre-mi\/\" \/>\n<meta property=\"og:locale\" content=\"en_GB\" \/>\n<meta property=\"og:type\" content=\"article\" \/>\n<meta property=\"og:title\" content=\"Sobre mi - Beatriz Hernandez\" \/>\n<meta property=\"og:description\" content=\"Beatriz Hern\u00e1ndez Mi nombre es Bea y estoy aqu\u00ed para acompa\u00f1arte. Conectemos \u00a1Hola! Mi nombre es Bea y soy psic\u00f3loga general sanitaria. Estudi\u00e9 la carrera de Psicolog\u00eda en Salamanca. Desde hace m\u00e1s de 7 a\u00f1os ejerzo como psic\u00f3loga en el \u00e1mbito privado realizando atenci\u00f3n psicol\u00f3gica online y presencial. Empec\u00e9 trabajando con poblaci\u00f3n infanto juvenil, aunque [&hellip;]\" \/>\n<meta property=\"og:url\" content=\"https:\/\/www.beahdezpsicologa.com\/en\/sobre-mi\/\" \/>\n<meta property=\"og:site_name\" content=\"Beatriz Hernandez\" \/>\n<meta property=\"article:modified_time\" content=\"2024-09-13T19:39:33+00:00\" \/>\n<meta property=\"og:image\" content=\"https:\/\/www.beahdezpsicologa.com\/wp-content\/uploads\/Beatriz_Hernandez-.webp\" \/>\n<meta name=\"twitter:card\" content=\"summary_large_image\" \/>\n<meta name=\"twitter:label1\" content=\"Estimated reading time\" \/>\n\t<meta name=\"twitter:data1\" content=\"1 minute\" \/>\n<script type=\"application\/ld+json\" class=\"yoast-schema-graph\">{\"@context\":\"https:\\\/\\\/schema.org\",\"@graph\":[{\"@type\":\"WebPage\",\"@id\":\"https:\\\/\\\/www.beahdezpsicologa.com\\\/sobre-mi\\\/\",\"url\":\"https:\\\/\\\/www.beahdezpsicologa.com\\\/sobre-mi\\\/\",\"name\":\"Sobre mi - Beatriz Hernandez\",\"isPartOf\":{\"@id\":\"https:\\\/\\\/www.beahdezpsicologa.com\\\/#website\"},\"primaryImageOfPage\":{\"@id\":\"https:\\\/\\\/www.beahdezpsicologa.com\\\/sobre-mi\\\/#primaryimage\"},\"image\":{\"@id\":\"https:\\\/\\\/www.beahdezpsicologa.com\\\/sobre-mi\\\/#primaryimage\"},\"thumbnailUrl\":\"https:\\\/\\\/www.beahdezpsicologa.com\\\/wp-content\\\/uploads\\\/Beatriz_Hernandez-.webp\",\"datePublished\":\"2024-08-19T14:47:06+00:00\",\"dateModified\":\"2024-09-13T19:39:33+00:00\",\"breadcrumb\":{\"@id\":\"https:\\\/\\\/www.beahdezpsicologa.com\\\/sobre-mi\\\/#breadcrumb\"},\"inLanguage\":\"en-GB\",\"potentialAction\":[{\"@type\":\"ReadAction\",\"target\":[\"https:\\\/\\\/www.beahdezpsicologa.com\\\/sobre-mi\\\/\"]}]},{\"@type\":\"ImageObject\",\"inLanguage\":\"en-GB\",\"@id\":\"https:\\\/\\\/www.beahdezpsicologa.com\\\/sobre-mi\\\/#primaryimage\",\"url\":\"https:\\\/\\\/www.beahdezpsicologa.com\\\/wp-content\\\/uploads\\\/Beatriz_Hernandez-.webp\",\"contentUrl\":\"https:\\\/\\\/www.beahdezpsicologa.com\\\/wp-content\\\/uploads\\\/Beatriz_Hernandez-.webp\"},{\"@type\":\"BreadcrumbList\",\"@id\":\"https:\\\/\\\/www.beahdezpsicologa.com\\\/sobre-mi\\\/#breadcrumb\",\"itemListElement\":[{\"@type\":\"ListItem\",\"position\":1,\"name\":\"Portada\",\"item\":\"https:\\\/\\\/www.beahdezpsicologa.com\\\/\"},{\"@type\":\"ListItem\",\"position\":2,\"name\":\"Sobre mi\"}]},{\"@type\":\"WebSite\",\"@id\":\"https:\\\/\\\/www.beahdezpsicologa.com\\\/#website\",\"url\":\"https:\\\/\\\/www.beahdezpsicologa.com\\\/\",\"name\":\"Beatriz Hernandez\",\"description\":\"Te ayudo a liberarte de la ansiedad\",\"publisher\":{\"@id\":\"https:\\\/\\\/www.beahdezpsicologa.com\\\/#organization\"},\"potentialAction\":[{\"@type\":\"SearchAction\",\"target\":{\"@type\":\"EntryPoint\",\"urlTemplate\":\"https:\\\/\\\/www.beahdezpsicologa.com\\\/?s={search_term_string}\"},\"query-input\":{\"@type\":\"PropertyValueSpecification\",\"valueRequired\":true,\"valueName\":\"search_term_string\"}}],\"inLanguage\":\"en-GB\"},{\"@type\":\"Organization\",\"@id\":\"https:\\\/\\\/www.beahdezpsicologa.com\\\/#organization\",\"name\":\"Beatriz Hernandez\",\"url\":\"https:\\\/\\\/www.beahdezpsicologa.com\\\/\",\"logo\":{\"@type\":\"ImageObject\",\"inLanguage\":\"en-GB\",\"@id\":\"https:\\\/\\\/www.beahdezpsicologa.com\\\/#\\\/schema\\\/logo\\\/image\\\/\",\"url\":\"https:\\\/\\\/www.beahdezpsicologa.com\\\/wp-content\\\/uploads\\\/2024\\\/08\\\/beatriz-hernandez-logo.svg\",\"contentUrl\":\"https:\\\/\\\/www.beahdezpsicologa.com\\\/wp-content\\\/uploads\\\/2024\\\/08\\\/beatriz-hernandez-logo.svg\",\"width\":285,\"height\":204,\"caption\":\"Beatriz Hernandez\"},\"image\":{\"@id\":\"https:\\\/\\\/www.beahdezpsicologa.com\\\/#\\\/schema\\\/logo\\\/image\\\/\"}}]}<\/script>\n<!-- \/ Yoast SEO plugin. -->","yoast_head_json":{"title":"Sobre mi - Beatriz Hernandez","robots":{"index":"index","follow":"follow","max-snippet":"max-snippet:-1","max-image-preview":"max-image-preview:large","max-video-preview":"max-video-preview:-1"},"canonical":"https:\/\/www.beahdezpsicologa.com\/en\/sobre-mi\/","og_locale":"en_GB","og_type":"article","og_title":"Sobre mi - Beatriz Hernandez","og_description":"Beatriz Hern\u00e1ndez Mi nombre es Bea y estoy aqu\u00ed para acompa\u00f1arte. Conectemos \u00a1Hola! Mi nombre es Bea y soy psic\u00f3loga general sanitaria. Estudi\u00e9 la carrera de Psicolog\u00eda en Salamanca. Desde hace m\u00e1s de 7 a\u00f1os ejerzo como psic\u00f3loga en el \u00e1mbito privado realizando atenci\u00f3n psicol\u00f3gica online y presencial. Empec\u00e9 trabajando con poblaci\u00f3n infanto juvenil, aunque [&hellip;]","og_url":"https:\/\/www.beahdezpsicologa.com\/en\/sobre-mi\/","og_site_name":"Beatriz Hernandez","article_modified_time":"2024-09-13T19:39:33+00:00","og_image":[{"url":"https:\/\/www.beahdezpsicologa.com\/wp-content\/uploads\/Beatriz_Hernandez-.webp","type":"","width":"","height":""}],"twitter_card":"summary_large_image","twitter_misc":{"Estimated reading time":"1 minute"},"schema":{"@context":"https:\/\/schema.org","@graph":[{"@type":"WebPage","@id":"https:\/\/www.beahdezpsicologa.com\/sobre-mi\/","url":"https:\/\/www.beahdezpsicologa.com\/sobre-mi\/","name":"Sobre mi - Beatriz Hernandez","isPartOf":{"@id":"https:\/\/www.beahdezpsicologa.com\/#website"},"primaryImageOfPage":{"@id":"https:\/\/www.beahdezpsicologa.com\/sobre-mi\/#primaryimage"},"image":{"@id":"https:\/\/www.beahdezpsicologa.com\/sobre-mi\/#primaryimage"},"thumbnailUrl":"https:\/\/www.beahdezpsicologa.com\/wp-content\/uploads\/Beatriz_Hernandez-.webp","datePublished":"2024-08-19T14:47:06+00:00","dateModified":"2024-09-13T19:39:33+00:00","breadcrumb":{"@id":"https:\/\/www.beahdezpsicologa.com\/sobre-mi\/#breadcrumb"},"inLanguage":"en-GB","potentialAction":[{"@type":"ReadAction","target":["https:\/\/www.beahdezpsicologa.com\/sobre-mi\/"]}]},{"@type":"ImageObject","inLanguage":"en-GB","@id":"https:\/\/www.beahdezpsicologa.com\/sobre-mi\/#primaryimage","url":"https:\/\/www.beahdezpsicologa.com\/wp-content\/uploads\/Beatriz_Hernandez-.webp","contentUrl":"https:\/\/www.beahdezpsicologa.com\/wp-content\/uploads\/Beatriz_Hernandez-.webp"},{"@type":"BreadcrumbList","@id":"https:\/\/www.beahdezpsicologa.com\/sobre-mi\/#breadcrumb","itemListElement":[{"@type":"ListItem","position":1,"name":"Portada","item":"https:\/\/www.beahdezpsicologa.com\/"},{"@type":"ListItem","position":2,"name":"Sobre mi"}]},{"@type":"WebSite","@id":"https:\/\/www.beahdezpsicologa.com\/#website","url":"https:\/\/www.beahdezpsicologa.com\/","name":"Beatriz Hernandez","description":"Te ayudo a liberarte de la ansiedad","publisher":{"@id":"https:\/\/www.beahdezpsicologa.com\/#organization"},"potentialAction":[{"@type":"SearchAction","target":{"@type":"EntryPoint","urlTemplate":"https:\/\/www.beahdezpsicologa.com\/?s={search_term_string}"},"query-input":{"@type":"PropertyValueSpecification","valueRequired":true,"valueName":"search_term_string"}}],"inLanguage":"en-GB"},{"@type":"Organization","@id":"https:\/\/www.beahdezpsicologa.com\/#organization","name":"Beatriz Hernandez","url":"https:\/\/www.beahdezpsicologa.com\/","logo":{"@type":"ImageObject","inLanguage":"en-GB","@id":"https:\/\/www.beahdezpsicologa.com\/#\/schema\/logo\/image\/","url":"https:\/\/www.beahdezpsicologa.com\/wp-content\/uploads\/2024\/08\/beatriz-hernandez-logo.svg","contentUrl":"https:\/\/www.beahdezpsicologa.com\/wp-content\/uploads\/2024\/08\/beatriz-hernandez-logo.svg","width":285,"height":204,"caption":"Beatriz Hernandez"},"image":{"@id":"https:\/\/www.beahdezpsicologa.com\/#\/schema\/logo\/image\/"}}]}},"_links":{"self":[{"href":"https:\/\/www.beahdezpsicologa.com\/en\/wp-json\/wp\/v2\/pages\/15","targetHints":{"allow":["GET"]}}],"collection":[{"href":"https:\/\/www.beahdezpsicologa.com\/en\/wp-json\/wp\/v2\/pages"}],"about":[{"href":"https:\/\/www.beahdezpsicologa.com\/en\/wp-json\/wp\/v2\/types\/page"}],"author":[{"embeddable":true,"href":"https:\/\/www.beahdezpsicologa.com\/en\/wp-json\/wp\/v2\/users\/1"}],"replies":[{"embeddable":true,"href":"https:\/\/www.beahdezpsicologa.com\/en\/wp-json\/wp\/v2\/comments?post=15"}],"version-history":[{"count":28,"href":"https:\/\/www.beahdezpsicologa.com\/en\/wp-json\/wp\/v2\/pages\/15\/revisions"}],"predecessor-version":[{"id":785,"href":"https:\/\/www.beahdezpsicologa.com\/en\/wp-json\/wp\/v2\/pages\/15\/revisions\/785"}],"wp:attachment":[{"href":"https:\/\/www.beahdezpsicologa.com\/en\/wp-json\/wp\/v2\/media?parent=15"}],"curies":[{"name":"wp","href":"https:\/\/api.w.org\/{rel}","templated":true}]}}